{"id":10944,"date":"2025-07-21T04:32:07","date_gmt":"2025-07-21T04:32:07","guid":{"rendered":"https:\/\/kotarbinski.com\/blogomarketingu\/?page_id=10944"},"modified":"2025-08-29T15:47:14","modified_gmt":"2025-08-29T15:47:14","slug":"influencer-marketing-czyli-ekonomia-tworcow-xxi-wieku","status":"publish","type":"page","link":"https:\/\/kotarbinski.com\/blogomarketingu\/influencer-marketing-czyli-ekonomia-tworcow-xxi-wieku\/","title":{"rendered":"Influencer marketing czyli ekonomia tw\u00f3rc\u00f3w XXI wieku"},"content":{"rendered":"<p style=\"text-align: center;\"><strong data-start=\"101\" data-end=\"187\">To ksi\u0105\u017cka, kt\u00f3ra odkrywa kulisy ekonomii tw\u00f3rc\u00f3w XXI wieku.<\/strong> Je\u015bli chcesz zrozumie\u0107, jak jeden post mo\u017ce poruszy\u0107 gie\u0142d\u0119, dlaczego influencerzy staj\u0105 si\u0119 markami, a marki influencerami, i jak\u0105 rol\u0119 odgrywa autentyczno\u015b\u0107 w \u015bwiecie sztucznej inteligencji, to nie mo\u017cesz tego przegapi\u0107. Zabior\u0119 Ci\u0119 w fascynuj\u0105c\u0105 podr\u00f3\u017c od plemion internetowych po Homo datae, \u0142\u0105cz\u0105c wiedz\u0119 z praktyk\u0105 i humorem. To nowe spojrzenie na spo\u0142ecze\u0144stwo, relacje i przysz\u0142o\u015b\u0107. <strong>Prawdziwa, pierwsza, europejska biblia influencer marketingu.\u00a0<\/strong><\/p>\n<figure><img loading=\"lazy\" decoding=\"async\" width=\"960\" height=\"1302\" src=\"https:\/\/kotarbinski.com\/blogomarketingu\/wp-content\/uploads\/2025\/07\/influencer-marketing-4.png\" alt=\"\" \/><\/figure>\n<h3>Influencer marketing czyli ekonomia tw\u00f3rc\u00f3w XXI wieku<\/h3>\n<p>Wydawca: Wydawnictwo Naukowe PWN, 2025<\/p>\n<figure><img decoding=\"async\" src=\"https:\/\/kotarbinski.com\/blogomarketingu\/wp-content\/uploads\/2025\/07\/influencer-marketing-4-150x150.png\" alt=\"influencer marketing 4\" \/><\/figure>\n<figure><img decoding=\"async\" src=\"https:\/\/kotarbinski.com\/blogomarketingu\/wp-content\/uploads\/2025\/07\/influencer-marketing-3-150x150.png\" alt=\"influencer marketing 3\" \/><\/figure>\n<figure><img decoding=\"async\" src=\"https:\/\/kotarbinski.com\/blogomarketingu\/wp-content\/uploads\/2025\/07\/influencer-marketing-6-150x150.png\" alt=\"influencer marketing 6\" \/><\/figure>\n<figure><img decoding=\"async\" src=\"https:\/\/kotarbinski.com\/blogomarketingu\/wp-content\/uploads\/2025\/07\/influencer-marketing-2-150x150.png\" alt=\"influencer marketing 2\" \/><\/figure>\n<figure><img decoding=\"async\" src=\"https:\/\/kotarbinski.com\/blogomarketingu\/wp-content\/uploads\/2025\/07\/influencer-marketing-1-150x150.png\" alt=\"influencer marketing 1\" \/><\/figure>\n<figure><img decoding=\"async\" src=\"https:\/\/kotarbinski.com\/blogomarketingu\/wp-content\/uploads\/2025\/07\/influencer-marketing-5-150x150.png\" alt=\"influencer marketing 5\" \/><\/figure>\n<h4 data-start=\"207\" data-end=\"249\">I. <strong data-start=\"215\" data-end=\"249\">Ewolucja influencer marketingu<\/strong><\/h4>\n<ul data-start=\"250\" data-end=\"489\">\n<li data-start=\"250\" data-end=\"301\">\n<p data-start=\"252\" data-end=\"301\">Poj\u0119cie wp\u0142ywowo\u015bci od staro\u017cytno\u015bci po TikToka<\/p>\n<\/li>\n<li data-start=\"302\" data-end=\"342\">\n<p data-start=\"304\" data-end=\"342\">R\u00f3\u017cnice mi\u0119dzy wp\u0142ywem a manipulacj\u0105<\/p>\n<\/li>\n<li data-start=\"343\" data-end=\"387\">\n<p data-start=\"345\" data-end=\"387\">Internetowe plemiona i to\u017csamo\u015b\u0107 cyfrowa<\/p>\n<\/li>\n<li data-start=\"388\" data-end=\"439\">\n<p data-start=\"390\" data-end=\"439\">Ba\u0144ki informacyjne i ich spo\u0142eczne konsekwencje<\/p>\n<\/li>\n<li data-start=\"440\" data-end=\"489\">\n<p data-start=\"442\" data-end=\"489\">Influencer jako przedsi\u0119biorca i marka osobista<\/p>\n<\/li>\n<\/ul>\n<h4 data-start=\"491\" data-end=\"547\">II. <strong data-start=\"500\" data-end=\"547\">Elementy strategiczne influencer marketingu<\/strong><\/h4>\n<ul data-start=\"548\" data-end=\"812\">\n<li data-start=\"548\" data-end=\"584\">\n<p data-start=\"550\" data-end=\"584\">Ekonomia tw\u00f3rc\u00f3w i warto\u015b\u0107 rynku<\/p>\n<\/li>\n<li data-start=\"585\" data-end=\"621\">\n<p data-start=\"587\" data-end=\"621\">Influencer jako ekonomista uwagi<\/p>\n<\/li>\n<li data-start=\"622\" data-end=\"671\">\n<p data-start=\"624\" data-end=\"671\">Relacje paraspo\u0142eczne i zaufanie spo\u0142eczno\u015bci<\/p>\n<\/li>\n<li data-start=\"672\" data-end=\"718\">\n<p data-start=\"674\" data-end=\"718\">Strategie wsp\u00f3\u0142pracy marek z influencerami<\/p>\n<\/li>\n<li data-start=\"719\" data-end=\"770\">\n<p data-start=\"721\" data-end=\"770\">Archetypy i strategie budowania marki osobistej<\/p>\n<\/li>\n<li data-start=\"771\" data-end=\"812\">\n<p data-start=\"773\" data-end=\"812\">Komunikacja spo\u0142eczno\u015bciowa i marki 5.0<\/p>\n<\/li>\n<\/ul>\n<h4 data-start=\"814\" data-end=\"857\">III. <strong data-start=\"824\" data-end=\"857\">Taktyki influencer marketingu<\/strong><\/h4>\n<ul data-start=\"858\" data-end=\"1162\">\n<li data-start=\"858\" data-end=\"909\">\n<p data-start=\"860\" data-end=\"909\">Wp\u0142yw na m\u0142ode generacje i ich decyzje zakupowe<\/p>\n<\/li>\n<li data-start=\"910\" data-end=\"945\">\n<p data-start=\"912\" data-end=\"945\">Sposoby budowania zaanga\u017cowania<\/p>\n<\/li>\n<li data-start=\"946\" data-end=\"984\">\n<p data-start=\"948\" data-end=\"984\">Formatowanie tre\u015bci i storytelling<\/p>\n<\/li>\n<li data-start=\"985\" data-end=\"1019\">\n<p data-start=\"987\" data-end=\"1019\">Przyk\u0142ady wsp\u00f3\u0142pracy z markami<\/p>\n<\/li>\n<li data-start=\"1020\" data-end=\"1074\">\n<p data-start=\"1022\" data-end=\"1074\">Badania dotycz\u0105ce zakup\u00f3w pod wp\u0142ywem influencer\u00f3w<\/p>\n<\/li>\n<li data-start=\"1075\" data-end=\"1118\">\n<p data-start=\"1077\" data-end=\"1118\">Skuteczno\u015b\u0107 i ROI influencer marketingu<\/p>\n<\/li>\n<li data-start=\"1119\" data-end=\"1162\">\n<p data-start=\"1121\" data-end=\"1162\">Kryzysy, patoinfluencing i aspekty prawne<\/p>\n<\/li>\n<\/ul>\n<h4 data-start=\"1164\" data-end=\"1209\">IV. <strong data-start=\"1173\" data-end=\"1209\">Przysz\u0142o\u015b\u0107 influencer marketingu<\/strong><\/h4>\n<ul data-start=\"1210\" data-end=\"1443\">\n<li data-start=\"1210\" data-end=\"1274\">\n<p data-start=\"1212\" data-end=\"1274\">Wp\u0142yw sztucznej inteligencji (AI) i wirtualnych influencer\u00f3w<\/p>\n<\/li>\n<li data-start=\"1275\" data-end=\"1314\">\n<p data-start=\"1277\" data-end=\"1314\">Homo datae jako nowy typ konsumenta<\/p>\n<\/li>\n<li data-start=\"1315\" data-end=\"1350\">\n<p data-start=\"1317\" data-end=\"1350\">Influencerzy jako sz\u00f3sta w\u0142adza<\/p>\n<\/li>\n<li data-start=\"1351\" data-end=\"1403\">\n<p data-start=\"1353\" data-end=\"1403\">Media, dezinformacja, odpowiedzialno\u015b\u0107 spo\u0142eczna<\/p>\n<\/li>\n<li data-start=\"1404\" data-end=\"1443\">\n<p data-start=\"1406\" data-end=\"1443\">Trendy przysz\u0142o\u015bci i etyczne wyzwania<\/p>\n<\/li>\n<\/ul>\n<h4 data-start=\"1445\" data-end=\"1464\">\ud83d\udcce <strong data-start=\"1453\" data-end=\"1464\">Dodatki<\/strong><\/h4>\n<ul data-start=\"1465\" data-end=\"1659\">\n<li data-start=\"1465\" data-end=\"1506\">\n<p data-start=\"1467\" data-end=\"1506\">Rozw\u00f3j influencer marketingu w datach<\/p>\n<\/li>\n<li data-start=\"1507\" data-end=\"1560\">\n<p data-start=\"1509\" data-end=\"1560\">Aspekty prawne: regulacje, umowy, transparentno\u015b\u0107<\/p>\n<\/li>\n<li data-start=\"1561\" data-end=\"1616\">\n<p data-start=\"1563\" data-end=\"1616\">Leksykon poj\u0119\u0107 zwi\u0105zanych z influencer marketingiem<\/p>\n<\/li>\n<li data-start=\"1617\" data-end=\"1659\">\n<p data-start=\"1619\" data-end=\"1659\">Obszerna bibliografia naukowa i bran\u017cowa<\/p>\n<\/li>\n<\/ul>\n<p><strong>INFLUENCER MARKETING, CZYLI EKONOMIA TW\u00d3RC\u00d3W XXI WIEKU<\/strong><br \/><strong>Autor:<\/strong> dr in\u017c. Jacek Kotarbi\u0144ski<br \/><strong>Wydawca:<\/strong> Wydawnictwo Naukowe PWN, 2025<br \/><strong>ISBN:<\/strong> 978-83-01-24246-6<br \/><strong>Obj\u0119to\u015b\u0107:<\/strong> 591 stron<br \/><strong>Recenzentki:<\/strong><br \/>dr hab. Anna \u0141aszkiewicz, prof. U\u0141, Uniwersytet \u0141\u00f3dzki, \u0141\u00f3d\u017a<br \/>dr Jolanta Tkaczyk, prof. ALK, Akademia Leona Ko\u017ami\u0144skiego, Warszawa<\/p>\n<figure><img decoding=\"async\" src=\"https:\/\/kotarbinski.com\/blogomarketingu\/wp-content\/uploads\/2025\/07\/kotarbinski-autograf-150x150.jpg\" alt=\"kotarbinski autograf\" \/><\/figure>\n<figure><img decoding=\"async\" src=\"https:\/\/kotarbinski.com\/blogomarketingu\/wp-content\/uploads\/2025\/07\/kotarbinski-ksiazka-2-150x150.jpg\" alt=\"kotarbinski ksiazka 2\" \/><\/figure>\n<figure><img decoding=\"async\" src=\"https:\/\/kotarbinski.com\/blogomarketingu\/wp-content\/uploads\/2025\/07\/kotarbinski-ksiazka-3-150x150.jpg\" alt=\"kotarbinski ksiazka 3\" \/><\/figure>\n<figure><img decoding=\"async\" src=\"https:\/\/kotarbinski.com\/blogomarketingu\/wp-content\/uploads\/2025\/07\/kotarbinski-ksiazka-4-150x150.jpg\" alt=\"kotarbinski ksiazka 4\" \/><\/figure>\n<figure><img decoding=\"async\" src=\"https:\/\/kotarbinski.com\/blogomarketingu\/wp-content\/uploads\/2025\/07\/kotarbinski-ksiazka-150x150.jpg\" alt=\"kotarbinski ksiazka\" \/><\/figure>\n<p>\t\t\t\t\t<a href=\"https:\/\/bit.ly\/4lP4Uxm\"><br \/>\n\t\t\t\t\t\t\t\t\tKUP TERAZ<br \/>\n\t\t\t\t\t<\/a><br \/>\n\t\t\t\t\t<a href=\"https:\/\/allegrolokalnie.pl\/oferta\/influencer-marketing-czyli-ekonomia-tworcow-xxi-wieku-or-jacek-kotarbinski\"><br \/>\n\t\t\t\t\t\t\t\t\tKup z autografem autora<br \/>\n\t\t\t\t\t<\/a><\/p>\n<div class=\"ast-oembed-container \" style=\"height: 100%;\"><iframe loading=\"lazy\" title=\"PWN Studio | Zaw\u00f3d influencer. Jak zarabia si\u0119 na wp\u0142ywie? #12\" width=\"500\" height=\"281\" src=\"https:\/\/www.youtube.com\/embed\/oCtcTbBLsAU?feature=oembed\" frameborder=\"0\" allow=\"accelerometer; autoplay; clipboard-write; encrypted-media; gyroscope; picture-in-picture; web-share\" referrerpolicy=\"strict-origin-when-cross-origin\" allowfullscreen><\/iframe><\/div>\n<div class=\"ast-oembed-container \" style=\"height: 100%;\"><iframe loading=\"lazy\" title=\"Wiem, co kupuj\u0119. Marketing w sieci | EkoBosacka i Jacek Kotarbi\u0144ski, wtorek, 26.08.2025, godz. 20:00\" width=\"500\" height=\"281\" src=\"https:\/\/www.youtube.com\/embed\/sc6Uc4w9D48?feature=oembed\" frameborder=\"0\" allow=\"accelerometer; autoplay; clipboard-write; encrypted-media; gyroscope; picture-in-picture; web-share\" referrerpolicy=\"strict-origin-when-cross-origin\" allowfullscreen><\/iframe><\/div>\n<!-- AddThis Advanced Settings generic via filter on the_content --><!-- AddThis Share Buttons generic via filter on the_content -->","protected":false},"excerpt":{"rendered":"<p>To ksi\u0105\u017cka, kt\u00f3ra odkrywa kulisy ekonomii tw\u00f3rc\u00f3w XXI wieku. Je\u015bli chcesz zrozumie\u0107, jak jeden post mo\u017ce poruszy\u0107 gie\u0142d\u0119, dlaczego influencerzy [&hellip;]<!-- AddThis Advanced Settings generic via filter on get_the_excerpt --><!-- AddThis Share Buttons generic via filter on get_the_excerpt --><\/p>\n","protected":false},"author":1,"featured_media":0,"parent":0,"menu_order":0,"comment_status":"closed","ping_status":"closed","template":"","meta":{"om_disable_all_campaigns":false,"_exactmetrics_skip_tracking":false,"_exactmetrics_sitenote_active":false,"_exactmetrics_sitenote_note":"","_exactmetrics_sitenote_category":0,"_monsterinsights_skip_tracking":false,"_monsterinsights_sitenote_active":false,"_monsterinsights_sitenote_note":"","_monsterinsights_sitenote_category":0,"_uf_show_specific_survey":0,"_uf_disable_surveys":false,"site-sidebar-layout":"default","site-content-layout":"","ast-site-content-layout":"default","site-content-style":"default","site-sidebar-style":"default","ast-global-header-display":"","ast-banner-title-visibility":"","ast-main-header-display":"","ast-hfb-above-header-display":"","ast-hfb-below-header-display":"","ast-hfb-mobile-header-display":"","site-post-title":"","ast-breadcrumbs-content":"","ast-featured-img":"","footer-sml-layout":"","ast-disable-related-posts":"","theme-transparent-header-meta":"","adv-header-id-meta":"","stick-header-meta":"","header-above-stick-meta":"","header-main-stick-meta":"","header-below-stick-meta":"","astra-migrate-meta-layouts":"default","ast-page-background-enabled":"default","ast-page-background-meta":{"desktop":{"background-color":"var(--ast-global-color-5)","background-image":"","background-repeat":"repeat","background-position":"center center","background-size":"auto","background-attachment":"scroll","background-type":"","background-media":"","overlay-type":"","overlay-color":"","overlay-opacity":"","overlay-gradient":""},"tablet":{"background-color":"","background-image":"","background-repeat":"repeat","background-position":"center center","background-size":"auto","background-attachment":"scroll","background-type":"","background-media":"","overlay-type":"","overlay-color":"","overlay-opacity":"","overlay-gradient":""},"mobile":{"background-color":"","background-image":"","background-repeat":"repeat","background-position":"center center","background-size":"auto","background-attachment":"scroll","background-type":"","background-media":"","overlay-type":"","overlay-color":"","overlay-opacity":"","overlay-gradient":""}},"ast-content-background-meta":{"desktop":{"background-color":"var(--ast-global-color-4)","background-image":"","background-repeat":"repeat","background-position":"center center","background-size":"auto","background-attachment":"scroll","background-type":"","background-media":"","overlay-type":"","overlay-color":"","overlay-opacity":"","overlay-gradient":""},"tablet":{"background-color":"var(--ast-global-color-4)","background-image":"","background-repeat":"repeat","background-position":"center center","background-size":"auto","background-attachment":"scroll","background-type":"","background-media":"","overlay-type":"","overlay-color":"","overlay-opacity":"","overlay-gradient":""},"mobile":{"background-color":"var(--ast-global-color-4)","background-image":"","background-repeat":"repeat","background-position":"center center","background-size":"auto","background-attachment":"scroll","background-type":"","background-media":"","overlay-type":"","overlay-color":"","overlay-opacity":"","overlay-gradient":""}},"jetpack_post_was_ever_published":false,"footnotes":""},"class_list":["post-10944","page","type-page","status-publish","hentry"],"aioseo_notices":[],"jetpack_shortlink":"https:\/\/wp.me\/PaKYj5-2Qw","jetpack_sharing_enabled":true,"_links":{"self":[{"href":"https:\/\/kotarbinski.com\/blogomarketingu\/wp-json\/wp\/v2\/pages\/10944","targetHints":{"allow":["GET"]}}],"collection":[{"href":"https:\/\/kotarbinski.com\/blogomarketingu\/wp-json\/wp\/v2\/pages"}],"about":[{"href":"https:\/\/kotarbinski.com\/blogomarketingu\/wp-json\/wp\/v2\/types\/page"}],"author":[{"embeddable":true,"href":"https:\/\/kotarbinski.com\/blogomarketingu\/wp-json\/wp\/v2\/users\/1"}],"replies":[{"embeddable":true,"href":"https:\/\/kotarbinski.com\/blogomarketingu\/wp-json\/wp\/v2\/comments?post=10944"}],"version-history":[{"count":10,"href":"https:\/\/kotarbinski.com\/blogomarketingu\/wp-json\/wp\/v2\/pages\/10944\/revisions"}],"predecessor-version":[{"id":11011,"href":"https:\/\/kotarbinski.com\/blogomarketingu\/wp-json\/wp\/v2\/pages\/10944\/revisions\/11011"}],"wp:attachment":[{"href":"https:\/\/kotarbinski.com\/blogomarketingu\/wp-json\/wp\/v2\/media?parent=10944"}],"curies":[{"name":"wp","href":"https:\/\/api.w.org\/{rel}","templated":true}]}}