{"id":7927,"date":"2021-01-03T12:44:25","date_gmt":"2021-01-03T12:44:25","guid":{"rendered":"https:\/\/kotarbinski.com\/blogomarketingu\/?page_id=7927"},"modified":"2021-01-03T13:54:30","modified_gmt":"2021-01-03T13:54:30","slug":"ksiazki","status":"publish","type":"page","link":"https:\/\/kotarbinski.com\/blogomarketingu\/ksiazki\/","title":{"rendered":"Ksi\u0105\u017cki"},"content":{"rendered":"<figure><img decoding=\"async\" width=\"1200\" height=\"1709\" src=\"https:\/\/kotarbinski.com\/blogomarketingu\/wp-content\/uploads\/2020\/10\/50-praw-marketingu-kotarbinskiego-Jacek-Kotarbinski-ok\u0142adka-PWN.png\" alt=\"\" loading=\"lazy\" srcset=\"https:\/\/kotarbinski.com\/blogomarketingu\/wp-content\/uploads\/2020\/10\/50-praw-marketingu-kotarbinskiego-Jacek-Kotarbinski-ok\u0142adka-PWN.png 1200w, https:\/\/kotarbinski.com\/blogomarketingu\/wp-content\/uploads\/2020\/10\/50-praw-marketingu-kotarbinskiego-Jacek-Kotarbinski-ok\u0142adka-PWN-211x300.png 211w, https:\/\/kotarbinski.com\/blogomarketingu\/wp-content\/uploads\/2020\/10\/50-praw-marketingu-kotarbinskiego-Jacek-Kotarbinski-ok\u0142adka-PWN-719x1024.png 719w, https:\/\/kotarbinski.com\/blogomarketingu\/wp-content\/uploads\/2020\/10\/50-praw-marketingu-kotarbinskiego-Jacek-Kotarbinski-ok\u0142adka-PWN-768x1094.png 768w, https:\/\/kotarbinski.com\/blogomarketingu\/wp-content\/uploads\/2020\/10\/50-praw-marketingu-kotarbinskiego-Jacek-Kotarbinski-ok\u0142adka-PWN-1079x1536.png 1079w, https:\/\/kotarbinski.com\/blogomarketingu\/wp-content\/uploads\/2020\/10\/50-praw-marketingu-kotarbinskiego-Jacek-Kotarbinski-ok\u0142adka-PWN-600x855.png 600w\" sizes=\"auto, (max-width: 1200px) 100vw, 1200px\" \/><\/figure>\n<h3>50 Praw Marketingu Kotarbi\u0144skiego<\/h3>\n<p>30 lat do\u015bwiadczenia w marketingu, zebra\u0142em w jednej ksi\u0105\u017cce. \u201e50 Praw Marketingu Kotarbi\u0144skiego\u201d to publikacja dla przedsi\u0119biorc\u00f3w, marketer\u00f3w i absolutnie ka\u017cdego, kto uwa\u017ca, \u017ce marketing jest wa\u017cny w jego pracy. Znajdziesz wewn\u0105trz mn\u00f3stwo wskaz\u00f3wek, anegdot czy historii z mojego \u017cycia zawodowego. Mam nadziej\u0119 dostarczy\u0107 Ci wielu inspiracji. Wydawc\u0105 ksi\u0105\u017cki jest PWN, a autorem ok\u0142adki i ilustracji Marcin Skoczek skoq.pl <\/p>\n<p><em>I have collected 30 years of experience in marketing in one book. &#8222;50 Laws of Kotarbi\u0144ski Marketing&#8221; is a publication for entrepreneurs, marketers and absolutely everyone who believes that marketing is important in their work. Inside you will find tons of tips, anecdotes and stories from my professional life. I hope to provide you with a lot of inspiration. The publisher of the book is PWN, and the author of the cover and illustrations is Marcin Skoczek skoq.pl<\/em><\/p>\n<p>\t\t\t<a href=\"https:\/\/ksiegarnia.pwn.pl\/50-praw-marketingu-Kotarbinskiego,865310723,p.html\" role=\"button\"><br \/>\n\t\t\t\t\t\tKsi\u0105\u017cka \/ Book<br \/>\n\t\t\t\t\t<\/a><br \/>\n\t\t\t<a href=\"https:\/\/ksiegarnia.pwn.pl\/50-praw-marketingu-Kotarbinskiego,870598801,p.html\" role=\"button\"><br \/>\n\t\t\t\t\t\tEbook<br \/>\n\t\t\t\t\t<\/a><\/p>\n<figure class='gallery-item'>\n\t\t\t\t<a data-elementor-open-lightbox=\"yes\" data-elementor-lightbox-slideshow=\"9460280\" data-elementor-lightbox-title=\"50 praw marketingu kotarbinskiego Jacek Kotarbinski ok\u0142adka PWN\" href='https:\/\/kotarbinski.com\/blogomarketingu\/wp-content\/uploads\/2020\/10\/50-praw-marketingu-kotarbinskiego-Jacek-Kotarbinski-ok\u0142adka-PWN.png'><img decoding=\"async\" width=\"150\" height=\"150\" src=\"https:\/\/kotarbinski.com\/blogomarketingu\/wp-content\/uploads\/2020\/10\/50-praw-marketingu-kotarbinskiego-Jacek-Kotarbinski-ok\u0142adka-PWN-150x150.png\" alt=\"\" loading=\"lazy\" srcset=\"https:\/\/kotarbinski.com\/blogomarketingu\/wp-content\/uploads\/2020\/10\/50-praw-marketingu-kotarbinskiego-Jacek-Kotarbinski-ok\u0142adka-PWN-150x150.png 150w, https:\/\/kotarbinski.com\/blogomarketingu\/wp-content\/uploads\/2020\/10\/50-praw-marketingu-kotarbinskiego-Jacek-Kotarbinski-ok\u0142adka-PWN-300x300.png 300w, https:\/\/kotarbinski.com\/blogomarketingu\/wp-content\/uploads\/2020\/10\/50-praw-marketingu-kotarbinskiego-Jacek-Kotarbinski-ok\u0142adka-PWN-100x100.png 100w\" sizes=\"auto, (max-width: 150px) 100vw, 150px\" \/><\/a><br \/>\n\t\t\t<\/figure>\n<figure class='gallery-item'>\n\t\t\t\t<a data-elementor-open-lightbox=\"yes\" data-elementor-lightbox-slideshow=\"9460280\" data-elementor-lightbox-title=\"1-jacek-kotarbinski-50-praw-marketingu-Kotarbinskiego\" href='https:\/\/kotarbinski.com\/blogomarketingu\/wp-content\/uploads\/2020\/11\/1-jacek-kotarbinski-50-praw-marketingu-Kotarbinskiego-rotated.jpg'><img decoding=\"async\" width=\"150\" height=\"150\" src=\"https:\/\/kotarbinski.com\/blogomarketingu\/wp-content\/uploads\/2020\/11\/1-jacek-kotarbinski-50-praw-marketingu-Kotarbinskiego-150x150.jpg\" alt=\"\" loading=\"lazy\" srcset=\"https:\/\/kotarbinski.com\/blogomarketingu\/wp-content\/uploads\/2020\/11\/1-jacek-kotarbinski-50-praw-marketingu-Kotarbinskiego-150x150.jpg 150w, https:\/\/kotarbinski.com\/blogomarketingu\/wp-content\/uploads\/2020\/11\/1-jacek-kotarbinski-50-praw-marketingu-Kotarbinskiego-300x300.jpg 300w, https:\/\/kotarbinski.com\/blogomarketingu\/wp-content\/uploads\/2020\/11\/1-jacek-kotarbinski-50-praw-marketingu-Kotarbinskiego-100x100.jpg 100w\" sizes=\"auto, (max-width: 150px) 100vw, 150px\" \/><\/a><br \/>\n\t\t\t<\/figure>\n<figure class='gallery-item'>\n\t\t\t\t<a data-elementor-open-lightbox=\"yes\" data-elementor-lightbox-slideshow=\"9460280\" data-elementor-lightbox-title=\"3-Jacek-Kotarbinski-50-Praw-Marketingu-Kotarbinskiego-2\" href='https:\/\/kotarbinski.com\/blogomarketingu\/wp-content\/uploads\/2020\/11\/3-Jacek-Kotarbinski-50-Praw-Marketingu-Kotarbinskiego-2-rotated.jpg'><img decoding=\"async\" width=\"150\" height=\"150\" src=\"https:\/\/kotarbinski.com\/blogomarketingu\/wp-content\/uploads\/2020\/11\/3-Jacek-Kotarbinski-50-Praw-Marketingu-Kotarbinskiego-2-150x150.jpg\" alt=\"\" loading=\"lazy\" srcset=\"https:\/\/kotarbinski.com\/blogomarketingu\/wp-content\/uploads\/2020\/11\/3-Jacek-Kotarbinski-50-Praw-Marketingu-Kotarbinskiego-2-150x150.jpg 150w, https:\/\/kotarbinski.com\/blogomarketingu\/wp-content\/uploads\/2020\/11\/3-Jacek-Kotarbinski-50-Praw-Marketingu-Kotarbinskiego-2-300x300.jpg 300w, https:\/\/kotarbinski.com\/blogomarketingu\/wp-content\/uploads\/2020\/11\/3-Jacek-Kotarbinski-50-Praw-Marketingu-Kotarbinskiego-2-100x100.jpg 100w\" sizes=\"auto, (max-width: 150px) 100vw, 150px\" \/><\/a><br \/>\n\t\t\t<\/figure>\n<figure class='gallery-item'>\n\t\t\t\t<a data-elementor-open-lightbox=\"yes\" data-elementor-lightbox-slideshow=\"9460280\" data-elementor-lightbox-title=\"50-praw-marketingu-kotarbinskiego-promos-1\" href='https:\/\/kotarbinski.com\/blogomarketingu\/wp-content\/uploads\/2020\/11\/50-praw-marketingu-kotarbinskiego-promos-1.png'><img decoding=\"async\" width=\"150\" height=\"150\" src=\"https:\/\/kotarbinski.com\/blogomarketingu\/wp-content\/uploads\/2020\/11\/50-praw-marketingu-kotarbinskiego-promos-1-150x150.png\" alt=\"\" loading=\"lazy\" srcset=\"https:\/\/kotarbinski.com\/blogomarketingu\/wp-content\/uploads\/2020\/11\/50-praw-marketingu-kotarbinskiego-promos-1-150x150.png 150w, https:\/\/kotarbinski.com\/blogomarketingu\/wp-content\/uploads\/2020\/11\/50-praw-marketingu-kotarbinskiego-promos-1-300x300.png 300w, https:\/\/kotarbinski.com\/blogomarketingu\/wp-content\/uploads\/2020\/11\/50-praw-marketingu-kotarbinskiego-promos-1-100x100.png 100w\" sizes=\"auto, (max-width: 150px) 100vw, 150px\" \/><\/a><br \/>\n\t\t\t<\/figure>\n<figure class='gallery-item'>\n\t\t\t\t<a data-elementor-open-lightbox=\"yes\" data-elementor-lightbox-slideshow=\"9460280\" data-elementor-lightbox-title=\"IMG_2301\" href='https:\/\/kotarbinski.com\/blogomarketingu\/wp-content\/uploads\/2020\/12\/IMG_2301.jpg'><img decoding=\"async\" width=\"150\" height=\"150\" src=\"https:\/\/kotarbinski.com\/blogomarketingu\/wp-content\/uploads\/2020\/12\/IMG_2301-150x150.jpg\" alt=\"\" loading=\"lazy\" srcset=\"https:\/\/kotarbinski.com\/blogomarketingu\/wp-content\/uploads\/2020\/12\/IMG_2301-150x150.jpg 150w, https:\/\/kotarbinski.com\/blogomarketingu\/wp-content\/uploads\/2020\/12\/IMG_2301-300x300.jpg 300w, https:\/\/kotarbinski.com\/blogomarketingu\/wp-content\/uploads\/2020\/12\/IMG_2301-100x100.jpg 100w\" sizes=\"auto, (max-width: 150px) 100vw, 150px\" \/><\/a><br \/>\n\t\t\t<\/figure>\n<figure class='gallery-item'>\n\t\t\t\t<a data-elementor-open-lightbox=\"yes\" data-elementor-lightbox-slideshow=\"9460280\" data-elementor-lightbox-title=\"IMG_2303\" href='https:\/\/kotarbinski.com\/blogomarketingu\/wp-content\/uploads\/2020\/12\/IMG_2303.jpg'><img decoding=\"async\" width=\"150\" height=\"150\" src=\"https:\/\/kotarbinski.com\/blogomarketingu\/wp-content\/uploads\/2020\/12\/IMG_2303-150x150.jpg\" alt=\"\" loading=\"lazy\" srcset=\"https:\/\/kotarbinski.com\/blogomarketingu\/wp-content\/uploads\/2020\/12\/IMG_2303-150x150.jpg 150w, https:\/\/kotarbinski.com\/blogomarketingu\/wp-content\/uploads\/2020\/12\/IMG_2303-300x300.jpg 300w, https:\/\/kotarbinski.com\/blogomarketingu\/wp-content\/uploads\/2020\/12\/IMG_2303-100x100.jpg 100w\" sizes=\"auto, (max-width: 150px) 100vw, 150px\" \/><\/a><br \/>\n\t\t\t<\/figure>\n<figure class='gallery-item'>\n\t\t\t\t<a data-elementor-open-lightbox=\"yes\" data-elementor-lightbox-slideshow=\"9460280\" data-elementor-lightbox-title=\"IMG_2811\" href='https:\/\/kotarbinski.com\/blogomarketingu\/wp-content\/uploads\/2020\/12\/IMG_2811.jpg'><img decoding=\"async\" width=\"150\" height=\"150\" src=\"https:\/\/kotarbinski.com\/blogomarketingu\/wp-content\/uploads\/2020\/12\/IMG_2811-150x150.jpg\" alt=\"\" loading=\"lazy\" srcset=\"https:\/\/kotarbinski.com\/blogomarketingu\/wp-content\/uploads\/2020\/12\/IMG_2811-150x150.jpg 150w, https:\/\/kotarbinski.com\/blogomarketingu\/wp-content\/uploads\/2020\/12\/IMG_2811-300x300.jpg 300w, https:\/\/kotarbinski.com\/blogomarketingu\/wp-content\/uploads\/2020\/12\/IMG_2811-100x100.jpg 100w\" sizes=\"auto, (max-width: 150px) 100vw, 150px\" \/><\/a><br \/>\n\t\t\t<\/figure>\n<figure class='gallery-item'>\n\t\t\t\t<a data-elementor-open-lightbox=\"yes\" data-elementor-lightbox-slideshow=\"9460280\" data-elementor-lightbox-title=\"IMG_2812\" href='https:\/\/kotarbinski.com\/blogomarketingu\/wp-content\/uploads\/2020\/12\/IMG_2812.jpg'><img decoding=\"async\" width=\"150\" height=\"150\" src=\"https:\/\/kotarbinski.com\/blogomarketingu\/wp-content\/uploads\/2020\/12\/IMG_2812-150x150.jpg\" alt=\"\" loading=\"lazy\" srcset=\"https:\/\/kotarbinski.com\/blogomarketingu\/wp-content\/uploads\/2020\/12\/IMG_2812-150x150.jpg 150w, https:\/\/kotarbinski.com\/blogomarketingu\/wp-content\/uploads\/2020\/12\/IMG_2812-300x300.jpg 300w, https:\/\/kotarbinski.com\/blogomarketingu\/wp-content\/uploads\/2020\/12\/IMG_2812-100x100.jpg 100w\" sizes=\"auto, (max-width: 150px) 100vw, 150px\" \/><\/a><br \/>\n\t\t\t<\/figure>\n<figure class='gallery-item'>\n\t\t\t\t<a data-elementor-open-lightbox=\"yes\" data-elementor-lightbox-slideshow=\"9460280\" data-elementor-lightbox-title=\"131907797_10159175875199273_563134381743695786_o\" href='https:\/\/kotarbinski.com\/blogomarketingu\/wp-content\/uploads\/2020\/12\/131907797_10159175875199273_563134381743695786_o.jpg'><img decoding=\"async\" width=\"150\" height=\"150\" src=\"https:\/\/kotarbinski.com\/blogomarketingu\/wp-content\/uploads\/2020\/12\/131907797_10159175875199273_563134381743695786_o-150x150.jpg\" alt=\"\" loading=\"lazy\" srcset=\"https:\/\/kotarbinski.com\/blogomarketingu\/wp-content\/uploads\/2020\/12\/131907797_10159175875199273_563134381743695786_o-150x150.jpg 150w, https:\/\/kotarbinski.com\/blogomarketingu\/wp-content\/uploads\/2020\/12\/131907797_10159175875199273_563134381743695786_o-300x300.jpg 300w, https:\/\/kotarbinski.com\/blogomarketingu\/wp-content\/uploads\/2020\/12\/131907797_10159175875199273_563134381743695786_o-100x100.jpg 100w\" sizes=\"auto, (max-width: 150px) 100vw, 150px\" \/><\/a><br \/>\n\t\t\t<\/figure>\n<figure class='gallery-item'>\n\t\t\t\t<a data-elementor-open-lightbox=\"yes\" data-elementor-lightbox-slideshow=\"9460280\" data-elementor-lightbox-title=\"131713945_3922177901134953_1285292222642096996_o\" href='https:\/\/kotarbinski.com\/blogomarketingu\/wp-content\/uploads\/2020\/12\/131713945_3922177901134953_1285292222642096996_o.jpg'><img decoding=\"async\" width=\"150\" height=\"150\" src=\"https:\/\/kotarbinski.com\/blogomarketingu\/wp-content\/uploads\/2020\/12\/131713945_3922177901134953_1285292222642096996_o-150x150.jpg\" alt=\"\" loading=\"lazy\" srcset=\"https:\/\/kotarbinski.com\/blogomarketingu\/wp-content\/uploads\/2020\/12\/131713945_3922177901134953_1285292222642096996_o-150x150.jpg 150w, https:\/\/kotarbinski.com\/blogomarketingu\/wp-content\/uploads\/2020\/12\/131713945_3922177901134953_1285292222642096996_o-300x300.jpg 300w, https:\/\/kotarbinski.com\/blogomarketingu\/wp-content\/uploads\/2020\/12\/131713945_3922177901134953_1285292222642096996_o-100x100.jpg 100w\" sizes=\"auto, (max-width: 150px) 100vw, 150px\" \/><\/a><br \/>\n\t\t\t<\/figure>\n<div class=\"ast-oembed-container \" style=\"height: 100%;\"><iframe loading=\"lazy\" title=\"50 Praw Marketingu Kotarbinskiego - premiera ksiazki\" width=\"500\" height=\"281\" src=\"https:\/\/www.youtube.com\/embed\/QJxg18uYGdI?feature=oembed\" frameborder=\"0\" allow=\"accelerometer; autoplay; clipboard-write; encrypted-media; gyroscope; picture-in-picture; web-share\" referrerpolicy=\"strict-origin-when-cross-origin\" allowfullscreen><\/iframe><\/div>\n<figure><img decoding=\"async\" width=\"326\" height=\"466\" src=\"https:\/\/kotarbinski.com\/blogomarketingu\/wp-content\/uploads\/2021\/01\/sztuka-rynkologii-jacek-kotarbinski.jpg\" alt=\"\" loading=\"lazy\" srcset=\"https:\/\/kotarbinski.com\/blogomarketingu\/wp-content\/uploads\/2021\/01\/sztuka-rynkologii-jacek-kotarbinski.jpg 326w, https:\/\/kotarbinski.com\/blogomarketingu\/wp-content\/uploads\/2021\/01\/sztuka-rynkologii-jacek-kotarbinski-210x300.jpg 210w\" sizes=\"auto, (max-width: 326px) 100vw, 326px\" \/><\/figure>\n<h3>Sztuka Rynkologii<\/h3>\n<p>Ta ksi\u0105\u017cka nie jest o marketingu. I r\u00f3wnocze\u015bnie jest o nowej to\u017csamo\u015bci marketingu. Nie jest, je\u015bli rozumiesz marketing na spos\u00f3b XX-wieczny, jako narz\u0119dzie do tego, by za wszelk\u0105 cen\u0119 co\u015b sprzeda\u0107. Je\u015bli chcesz zarobi\u0107 na produkcie, us\u0142udze, idei, a r\u00f3wnocze\u015bnie zdajesz sobie spraw\u0119, \u017ce to, co oferujesz, nie jest warte swojej ceny &#8211; ta ksi\u0105\u017cka nie jest dla Ciebie i nie pomo\u017ce Twojemu biznesowi. Je\u015bli jednak wiesz, \u017ce oferujesz warto\u015b\u0107, i chcesz stworzy\u0107 dla niej rynek: zdoby\u0107 grono potrzebuj\u0105cych jej klient\u00f3w, ulepsza\u0107 j\u0105 dzi\u0119ki dwustronnej komunikacji, s\u0142owem &#8211; je\u015bli rozumiesz marketing na spos\u00f3b XXI-wieczny, ta ksi\u0105\u017cka jest dla Ciebie i powinna sta\u0107 si\u0119 Twoj\u0105 lektur\u0105 obowi\u0105zkow\u0105! Przeczytaj, je\u015bli chcesz zrozumie\u0107 rynkologi\u0119 &#8211; sztuk\u0119 kreowania warto\u015bciowych rynk\u00f3w i zarz\u0105dzania nimi.<\/p>\n<p><em>This book is not about marketing. And at the same time it is about a new marketing identity. It is not, if you understand twentieth-century marketing as a tool to sell something at any cost. If you want to earn money on a product, service, idea, and at the same time you realize that what you are offering is not worth the price &#8211; this book is not for you and will not help your business. However, if you know that you offer value and want to create a market for it: gain a group of customers who need it, improve it thanks to two-way communication, in a word &#8211; if you understand 21st century marketing, this book is for you and should become your must-read !! Read on if you want to understand marketing science,\u00a0 marketology\u00a0 &#8211; the art of creating and managing valuable markets.<\/em><\/p>\n<p>\t\t\t<a href=\"https:\/\/onepress.pl\/ksiazki\/sztuka-rynkologii-jacek-kotarbinski,sztryn.htm#format\/d\" role=\"button\"><br \/>\n\t\t\t\t\t\tKsi\u0105\u017cka \/ Book<br \/>\n\t\t\t\t\t<\/a><br \/>\n\t\t\t<a href=\"https:\/\/onepress.pl\/ksiazki\/sztuka-rynkologii-jacek-kotarbinski,sztryn.htm#format\/e\" role=\"button\"><br \/>\n\t\t\t\t\t\tEbook \/ Audiobook<br \/>\n\t\t\t\t\t<\/a><\/p>\n<div class=\"ast-oembed-container \" style=\"height: 100%;\"><iframe loading=\"lazy\" title=\"Sztuka Rynkologii, Jacek Kotarbi\u0144ski\" width=\"500\" height=\"281\" src=\"https:\/\/www.youtube.com\/embed\/N4oC9HzXoEs?feature=oembed\" frameborder=\"0\" allow=\"accelerometer; autoplay; clipboard-write; encrypted-media; gyroscope; picture-in-picture; web-share\" referrerpolicy=\"strict-origin-when-cross-origin\" allowfullscreen><\/iframe><\/div>\n<figure><img decoding=\"async\" width=\"200\" height=\"283\" src=\"https:\/\/kotarbinski.com\/blogomarketingu\/wp-content\/uploads\/2021\/01\/trzecia-sztuka-marketingu-jacek-kotarbinski.jpg\" alt=\"\" loading=\"lazy\" \/><\/figure>\n<h3>Trzecia Sztuka Marketingu<\/h3>\n<p>\u201eTrzecia Sztuka Marketingu\u201d jest kontynuacj\u0105 \u201ePierwszej &#8230;\u201d i \u201eDrugiej&#8230;\u201d sk\u0142adaj\u0105c si\u0119 na cykl \u201eTrzy Sztuki Marketingu\u201d. Ta cz\u0119\u015b\u0107 zawiera 41 inspiruj\u0105cych tekst\u00f3w o innowacjach, mediach, skutecznej sprzeda\u017cy (bez \u015bciemniania) i rewolucji w marketingu. E-book uzupe\u0142nia 12 wywiad\u00f3w z autorem, w tym szczeg\u00f3lny &#8211; na temat \u201eBareizm\u00f3w Wiecznie \u017bywych\u201d. Dodatkowo 11 opowiada\u0144 autora z serii #Toporowo (inspirowanych tw\u00f3rczo\u015bci\u0105 Rolanda Topora) w tym jedno nie publikowane nigdy wcze\u015bniej.<\/p>\n<p><em>&#8222;The Third Art of Marketing&#8221; is a continuation of &#8222;The First &#8230;&#8221; and &#8222;Second &#8230;&#8221; making up the series &#8222;Three Arts of Marketing&#8221;. This part contains 41 inspirational texts about innovation, media, effective selling and the marketing revolution. The e-book complements 12 interviews with the author, including a special one &#8211; on the subject of &#8222;Bareizmy Wiecznie \u017bywe&#8221;. Additionally, 11 stories by the author from the #Toporowo #Toporville series (inspired by the works of Roland Topor), including one that has never been published before.<\/em><\/p>\n<p>\t\t\t<a href=\"https:\/\/www.legimi.pl\/polka\/ebook-trzecia-sztuka-marketingu-jacek-kotarbinski,b220165.html\" role=\"button\"><br \/>\n\t\t\t\t\t\tEbook<br \/>\n\t\t\t\t\t<\/a><\/p>\n<figure><img decoding=\"async\" width=\"200\" height=\"283\" src=\"https:\/\/kotarbinski.com\/blogomarketingu\/wp-content\/uploads\/2021\/01\/druga-sztuka-marketingu-jacek-kotarbinski.jpg\" alt=\"\" loading=\"lazy\" \/><\/figure>\n<h3>Druga Sztuka Marketingu<\/h3>\n<p>W \u201eDrugiej Sztuce Marketingu\u201d, b\u0119d\u0105cej kontytuacj\u0105 bestsellerowej Sztuki Marketingu, znajdziesz 81 inspiruj\u0105cych tekst\u00f3w o niuansach pracy marketera, scenkach z \u017cycia, zachowaniu prezes\u00f3w oraz o tym jak autor zosta\u0142 szefem marketingu Onet.pl na ca\u0142e pi\u0119\u0107 sekund. W \u015brodku kultowa ju\u017c historia o Zaj\u0105czku czy Wyuzdanej C\u00f3rce Ekonomii. To obowi\u0105zkowa lektura dla ka\u017cdego przedsi\u0119biorcy, marketera, lidera sprzeda\u017cy czy start-upu. Wiele inspiracji i praktycznych wskaz\u00f3wek dla profesjonalist\u00f3w marketingu, sprzeda\u017cy, rozwoju czy innowacji.<\/p>\n<p><em>In &#8222;Second Art of Marketing&#8221;, which is a continuation of the best-selling &#8222;Art of Marketing&#8221;, you will find 81 inspiring texts about the nuances of a marketer&#8217;s work, scenes from life, the behavior of CEOs and how the author became the head of marketing of Onet.pl for five seconds. Inside, there is an iconic story about a Bunny or the Undying Daughter of Economy. This is a must-read for every entrepreneur, marketer, sales leader or start-up. Lots of inspiration and practical tips for marketing, sales, development and innovation professionals.<\/em><\/p>\n<p>\t\t\t<a href=\"https:\/\/www.legimi.pl\/ebook-druga-sztuka-marketingu-jacek-kotarbinski,b220164.html\" role=\"button\"><br \/>\n\t\t\t\t\t\tEbook<br \/>\n\t\t\t\t\t<\/a><\/p>\n<figure><img decoding=\"async\" width=\"200\" height=\"283\" src=\"https:\/\/kotarbinski.com\/blogomarketingu\/wp-content\/uploads\/2021\/01\/sztuka-marketingu-jacek-kotarbinski.jpg\" alt=\"\" loading=\"lazy\" \/><\/figure>\n<h3>Sztuka Marketingu<\/h3>\n<p>&#8222;Sztuka marketingu&#8221; Jacka Kotarbi\u0144skiego jest ksi\u0105\u017ck\u0105 napisan\u0105 przez do\u015bwiadczenie. Tw\u00f3rca &#8222;Subiektywnego bloga o sztuce marketingu&#8221; wybra\u0142 swoje najciekawsze teksty, kt\u00f3re zosta\u0142y wydane w formie e-booka. Ksi\u0105\u017ck\u0119 zdecydowanie powinni przeczyta\u0107 szefowie firm, profesjonali\u015bci marketingu i sprzeda\u017cy oraz w\u0142a\u015bciciele innowacyjnych startup\u00f3w. Autor zosta\u0142 wyr\u00f3\u017cniony przez Onet.pl nagrod\u0105 &#8222;Blog Roku 2012&#8221; w kategorii &#8222;Profesjonalne i firmowe&#8221;.\n<\/p>\n<p><em>Jacek Kotarbi\u0144ski&#8217;s &#8222;Art of Marketing&#8221; is a book written through experience. The creator of the &#8222;Subjective blog about the art of marketing&#8221; chose his most interesting texts, which were published as an e-book. The book should definitely be read by company bosses, marketing and sales professionals, and owners of innovative startups. The author was awarded by Onet.pl with the &#8222;Blog of the Year 2012&#8221; award in the &#8222;Professional and corporate&#8221; category.<\/em><\/p>\n<p>\t\t\t<a href=\"https:\/\/www.legimi.pl\/polka\/ebook-sztuka-marketingu-jacek-kotarbinski,b194630.html\" role=\"button\"><br \/>\n\t\t\t\t\t\tEbook<br \/>\n\t\t\t\t\t<\/a><\/p>\n<!-- AddThis Advanced Settings generic via filter on the_content --><!-- AddThis Share Buttons generic via filter on the_content -->","protected":false},"excerpt":{"rendered":"<p>50 Praw Marketingu Kotarbi\u0144skiego 30 lat do\u015bwiadczenia w marketingu, zebra\u0142em w jednej ksi\u0105\u017cce. \u201e50 Praw Marketingu Kotarbi\u0144skiego\u201d to publikacja dla [&hellip;]<!-- AddThis Advanced Settings generic via filter on get_the_excerpt --><!-- AddThis Share Buttons generic via filter on get_the_excerpt --><\/p>\n","protected":false},"author":1,"featured_media":0,"parent":0,"menu_order":0,"comment_status":"closed","ping_status":"closed","template":"","meta":{"om_disable_all_campaigns":false,"_exactmetrics_skip_tracking":false,"_exactmetrics_sitenote_active":false,"_exactmetrics_sitenote_note":"","_exactmetrics_sitenote_category":0,"_monsterinsights_skip_tracking":false,"_monsterinsights_sitenote_active":false,"_monsterinsights_sitenote_note":"","_monsterinsights_sitenote_category":0,"_uf_show_specific_survey":0,"_uf_disable_surveys":false,"site-sidebar-layout":"default","site-content-layout":"","ast-site-content-layout":"default","site-content-style":"default","site-sidebar-style":"default","ast-global-header-display":"","ast-banner-title-visibility":"","ast-main-header-display":"","ast-hfb-above-header-display":"","ast-hfb-below-header-display":"","ast-hfb-mobile-header-display":"","site-post-title":"","ast-breadcrumbs-content":"","ast-featured-img":"","footer-sml-layout":"","ast-disable-related-posts":"","theme-transparent-header-meta":"","adv-header-id-meta":"","stick-header-meta":"","header-above-stick-meta":"","header-main-stick-meta":"","header-below-stick-meta":"","astra-migrate-meta-layouts":"default","ast-page-background-enabled":"default","ast-page-background-meta":{"desktop":{"background-color":"var(--ast-global-color-5)","background-image":"","background-repeat":"repeat","background-position":"center center","background-size":"auto","background-attachment":"scroll","background-type":"","background-media":"","overlay-type":"","overlay-color":"","overlay-opacity":"","overlay-gradient":""},"tablet":{"background-color":"","background-image":"","background-repeat":"repeat","background-position":"center center","background-size":"auto","background-attachment":"scroll","background-type":"","background-media":"","overlay-type":"","overlay-color":"","overlay-opacity":"","overlay-gradient":""},"mobile":{"background-color":"","background-image":"","background-repeat":"repeat","background-position":"center center","background-size":"auto","background-attachment":"scroll","background-type":"","background-media":"","overlay-type":"","overlay-color":"","overlay-opacity":"","overlay-gradient":""}},"ast-content-background-meta":{"desktop":{"background-color":"var(--ast-global-color-4)","background-image":"","background-repeat":"repeat","background-position":"center center","background-size":"auto","background-attachment":"scroll","background-type":"","background-media":"","overlay-type":"","overlay-color":"","overlay-opacity":"","overlay-gradient":""},"tablet":{"background-color":"var(--ast-global-color-4)","background-image":"","background-repeat":"repeat","background-position":"center center","background-size":"auto","background-attachment":"scroll","background-type":"","background-media":"","overlay-type":"","overlay-color":"","overlay-opacity":"","overlay-gradient":""},"mobile":{"background-color":"var(--ast-global-color-4)","background-image":"","background-repeat":"repeat","background-position":"center center","background-size":"auto","background-attachment":"scroll","background-type":"","background-media":"","overlay-type":"","overlay-color":"","overlay-opacity":"","overlay-gradient":""}},"jetpack_post_was_ever_published":false,"footnotes":""},"class_list":["post-7927","page","type-page","status-publish","hentry"],"aioseo_notices":[],"jetpack_shortlink":"https:\/\/wp.me\/PaKYj5-23R","jetpack_sharing_enabled":true,"_links":{"self":[{"href":"https:\/\/kotarbinski.com\/blogomarketingu\/wp-json\/wp\/v2\/pages\/7927","targetHints":{"allow":["GET"]}}],"collection":[{"href":"https:\/\/kotarbinski.com\/blogomarketingu\/wp-json\/wp\/v2\/pages"}],"about":[{"href":"https:\/\/kotarbinski.com\/blogomarketingu\/wp-json\/wp\/v2\/types\/page"}],"author":[{"embeddable":true,"href":"https:\/\/kotarbinski.com\/blogomarketingu\/wp-json\/wp\/v2\/users\/1"}],"replies":[{"embeddable":true,"href":"https:\/\/kotarbinski.com\/blogomarketingu\/wp-json\/wp\/v2\/comments?post=7927"}],"version-history":[{"count":82,"href":"https:\/\/kotarbinski.com\/blogomarketingu\/wp-json\/wp\/v2\/pages\/7927\/revisions"}],"predecessor-version":[{"id":8021,"href":"https:\/\/kotarbinski.com\/blogomarketingu\/wp-json\/wp\/v2\/pages\/7927\/revisions\/8021"}],"wp:attachment":[{"href":"https:\/\/kotarbinski.com\/blogomarketingu\/wp-json\/wp\/v2\/media?parent=7927"}],"curies":[{"name":"wp","href":"https:\/\/api.w.org\/{rel}","templated":true}]}}