{"id":9078,"date":"2024-03-04T19:03:34","date_gmt":"2024-03-04T19:03:34","guid":{"rendered":"https:\/\/kotarbinski.com\/blogomarketingu\/?page_id=9078"},"modified":"2024-03-04T19:03:37","modified_gmt":"2024-03-04T19:03:37","slug":"wystapienia-tedx","status":"publish","type":"page","link":"https:\/\/kotarbinski.com\/blogomarketingu\/wystapienia-tedx\/","title":{"rendered":"Wyst\u0105pienia TEDx"},"content":{"rendered":"\n<p>TEDx to program lokalnych, niezale\u017cnych konferencji organizowanych na ca\u0142ym \u015bwiecie, kt\u00f3re bazuj\u0105 na formule popularnej konferencji TED (Technology, Entertainment, Design). TED to skr\u00f3t od tych trzech s\u0142\u00f3w i jest organizacj\u0105 non-profit, kt\u00f3ra ma na celu szerzenie warto\u015bciowych pomys\u0142\u00f3w poprzez kr\u00f3tkie, inspiruj\u0105ce prezentacje.<\/p>\n\n\n\n<p>TEDx r\u00f3\u017cni si\u0119 od g\u0142\u00f3wnych konferencji TED tym, \u017ce s\u0105 one organizowane niezale\u017cnie, lokalnie przez spo\u0142eczno\u015bci lub grupy ludzi. Pomys\u0142odawcy TEDx musz\u0105 uzyska\u0107 zgod\u0119 od organizacji TED, ale po spe\u0142nieniu okre\u015blonych kryteri\u00f3w mog\u0105 samodzielnie organizowa\u0107 wydarzenia TEDx na temat, kt\u00f3ry ich interesuje.<\/p>\n\n\n\n<p>Prezentacje podczas wydarze\u0144 TEDx obejmuj\u0105 szeroki zakres temat\u00f3w, od nauki i technologii po sztuk\u0119, spo\u0142ecze\u0144stwo, zdrowie i wiele innych. Celem TEDx jest dzielenie si\u0119 inspiruj\u0105cymi pomys\u0142ami, promowanie dialogu i budowanie spo\u0142eczno\u015bci zainteresowanych tw\u00f3rczym my\u015bleniem.<\/p>\n\n\n\n<p>Poni\u017cej zobaczysz moje wyst\u0105pienia na konferencjach TEDx w Polsce. <\/p>\n\n\n\n<p>Je\u017celi organizujesz projekt TEDx, bardzo ch\u0119tnie przyjm\u0119 zaproszenie. <\/p>\n\n\n\n<h2 class=\"wp-block-heading\">Pokochaj rozum! Mi\u0142os\u0301c\u0301 i strach czyli pomie\u0328dzy rozwaga\u0328, a szalen\u0301stwem Jacek Kotarbin\u0301ski TEDx<\/h2>\n\n\n\n<figure class=\"wp-block-embed is-type-video is-provider-youtube wp-block-embed-youtube wp-embed-aspect-16-9 wp-has-aspect-ratio\"><div class=\"wp-block-embed__wrapper\">\n<iframe loading=\"lazy\" title=\"Pokochaj rozum! Mi\u0142os\u0301c\u0301 i strach czyli pomie\u0328dzy rozwaga\u0328, a szalen\u0301stwem Jacek Kotarbin\u0301ski TEDx\" width=\"500\" height=\"281\" src=\"https:\/\/www.youtube.com\/embed\/zic6wRg_Ies?feature=oembed\" frameborder=\"0\" allow=\"accelerometer; autoplay; clipboard-write; encrypted-media; gyroscope; picture-in-picture; web-share\" referrerpolicy=\"strict-origin-when-cross-origin\" allowfullscreen><\/iframe>\n<\/div><\/figure>\n\n\n\n<h2 class=\"wp-block-heading\">Pokochaj rozum! Mi\u0142o\u015b\u0107 i strach czyli pomi\u0119dzy rozwag\u0105, a szale\u0144stwem | Jacek Kotarbi\u0144ski | TEDxWSB<\/h2>\n\n\n\n<figure class=\"wp-block-embed is-type-video is-provider-youtube wp-block-embed-youtube wp-embed-aspect-16-9 wp-has-aspect-ratio\"><div class=\"wp-block-embed__wrapper\">\n<iframe loading=\"lazy\" title=\"Pokochaj rozum! Mi\u0142o\u015b\u0107 i strach czyli pomi\u0119dzy rozwag\u0105, a szale\u0144stwem | Jacek Kotarbi\u0144ski | TEDxWSB\" width=\"500\" height=\"281\" src=\"https:\/\/www.youtube.com\/embed\/KJc7km8i2DI?feature=oembed\" frameborder=\"0\" allow=\"accelerometer; autoplay; clipboard-write; encrypted-media; gyroscope; picture-in-picture; web-share\" referrerpolicy=\"strict-origin-when-cross-origin\" allowfullscreen><\/iframe>\n<\/div><\/figure>\n\n\n\n<h2 class=\"wp-block-heading\">Ikar Zmian | Jacek Kotarbi\u0144ski | TEDxToru\u0144<\/h2>\n\n\n\n<figure class=\"wp-block-embed is-type-video is-provider-youtube wp-block-embed-youtube wp-embed-aspect-16-9 wp-has-aspect-ratio\"><div class=\"wp-block-embed__wrapper\">\n<iframe loading=\"lazy\" title=\"Ikar Zmian | Jacek Kotarbi\u0144ski | TEDxToru\u0144\" width=\"500\" height=\"281\" src=\"https:\/\/www.youtube.com\/embed\/FXC7jTiKxzE?feature=oembed\" frameborder=\"0\" allow=\"accelerometer; autoplay; clipboard-write; encrypted-media; gyroscope; picture-in-picture; web-share\" referrerpolicy=\"strict-origin-when-cross-origin\" allowfullscreen><\/iframe>\n<\/div><\/figure>\n\n\n\n<h2 class=\"wp-block-heading\">Reklama w przestrzeni miejskiej. Advertising in urban space | Jacek Kotarbinski | TEDxGdynia<\/h2>\n\n\n\n<figure class=\"wp-block-embed is-type-video is-provider-youtube wp-block-embed-youtube wp-embed-aspect-16-9 wp-has-aspect-ratio\"><div class=\"wp-block-embed__wrapper\">\n<iframe loading=\"lazy\" title=\"Reklama w przestrzeni miejskiej. Advertising in urban space | Jacek Kotarbinski | TEDxGdynia\" width=\"500\" height=\"281\" src=\"https:\/\/www.youtube.com\/embed\/xwrhdiYgHhc?feature=oembed\" frameborder=\"0\" allow=\"accelerometer; autoplay; clipboard-write; encrypted-media; gyroscope; picture-in-picture; web-share\" referrerpolicy=\"strict-origin-when-cross-origin\" allowfullscreen><\/iframe>\n<\/div><\/figure>\n\n\n\n<p>Keywords<\/p>\n\n\n\n<p class=\"has-large-font-size\">#tedx #kotarbinski #konferencja #wystapienia<\/p>\n<!-- AddThis Advanced Settings generic via filter on the_content --><!-- AddThis Share Buttons generic via filter on the_content -->","protected":false},"excerpt":{"rendered":"<p>TEDx to program lokalnych, niezale\u017cnych konferencji organizowanych na ca\u0142ym \u015bwiecie, kt\u00f3re bazuj\u0105 na formule popularnej konferencji TED (Technology, Entertainment, Design). [&hellip;]<!-- AddThis Advanced Settings generic via filter on get_the_excerpt --><!-- AddThis Share Buttons generic via filter on get_the_excerpt --><\/p>\n","protected":false},"author":1,"featured_media":0,"parent":0,"menu_order":0,"comment_status":"closed","ping_status":"closed","template":"","meta":{"om_disable_all_campaigns":false,"_exactmetrics_skip_tracking":false,"_exactmetrics_sitenote_active":false,"_exactmetrics_sitenote_note":"","_exactmetrics_sitenote_category":0,"_monsterinsights_skip_tracking":false,"_monsterinsights_sitenote_active":false,"_monsterinsights_sitenote_note":"","_monsterinsights_sitenote_category":0,"_uf_show_specific_survey":0,"_uf_disable_surveys":false,"site-sidebar-layout":"default","site-content-layout":"","ast-site-content-layout":"default","site-content-style":"default","site-sidebar-style":"default","ast-global-header-display":"","ast-banner-title-visibility":"","ast-main-header-display":"","ast-hfb-above-header-display":"","ast-hfb-below-header-display":"","ast-hfb-mobile-header-display":"","site-post-title":"","ast-breadcrumbs-content":"","ast-featured-img":"","footer-sml-layout":"","ast-disable-related-posts":"","theme-transparent-header-meta":"","adv-header-id-meta":"","stick-header-meta":"","header-above-stick-meta":"","header-main-stick-meta":"","header-below-stick-meta":"","astra-migrate-meta-layouts":"default","ast-page-background-enabled":"default","ast-page-background-meta":{"desktop":{"background-color":"var(--ast-global-color-5)","background-image":"","background-repeat":"repeat","background-position":"center center","background-size":"auto","background-attachment":"scroll","background-type":"","background-media":"","overlay-type":"","overlay-color":"","overlay-opacity":"","overlay-gradient":""},"tablet":{"background-color":"","background-image":"","background-repeat":"repeat","background-position":"center center","background-size":"auto","background-attachment":"scroll","background-type":"","background-media":"","overlay-type":"","overlay-color":"","overlay-opacity":"","overlay-gradient":""},"mobile":{"background-color":"","background-image":"","background-repeat":"repeat","background-position":"center center","background-size":"auto","background-attachment":"scroll","background-type":"","background-media":"","overlay-type":"","overlay-color":"","overlay-opacity":"","overlay-gradient":""}},"ast-content-background-meta":{"desktop":{"background-color":"var(--ast-global-color-4)","background-image":"","background-repeat":"repeat","background-position":"center center","background-size":"auto","background-attachment":"scroll","background-type":"","background-media":"","overlay-type":"","overlay-color":"","overlay-opacity":"","overlay-gradient":""},"tablet":{"background-color":"var(--ast-global-color-4)","background-image":"","background-repeat":"repeat","background-position":"center center","background-size":"auto","background-attachment":"scroll","background-type":"","background-media":"","overlay-type":"","overlay-color":"","overlay-opacity":"","overlay-gradient":""},"mobile":{"background-color":"var(--ast-global-color-4)","background-image":"","background-repeat":"repeat","background-position":"center center","background-size":"auto","background-attachment":"scroll","background-type":"","background-media":"","overlay-type":"","overlay-color":"","overlay-opacity":"","overlay-gradient":""}},"jetpack_post_was_ever_published":false,"footnotes":""},"class_list":["post-9078","page","type-page","status-publish","hentry"],"aioseo_notices":[],"jetpack_shortlink":"https:\/\/wp.me\/PaKYj5-2mq","jetpack_sharing_enabled":true,"_links":{"self":[{"href":"https:\/\/kotarbinski.com\/blogomarketingu\/wp-json\/wp\/v2\/pages\/9078","targetHints":{"allow":["GET"]}}],"collection":[{"href":"https:\/\/kotarbinski.com\/blogomarketingu\/wp-json\/wp\/v2\/pages"}],"about":[{"href":"https:\/\/kotarbinski.com\/blogomarketingu\/wp-json\/wp\/v2\/types\/page"}],"author":[{"embeddable":true,"href":"https:\/\/kotarbinski.com\/blogomarketingu\/wp-json\/wp\/v2\/users\/1"}],"replies":[{"embeddable":true,"href":"https:\/\/kotarbinski.com\/blogomarketingu\/wp-json\/wp\/v2\/comments?post=9078"}],"version-history":[{"count":1,"href":"https:\/\/kotarbinski.com\/blogomarketingu\/wp-json\/wp\/v2\/pages\/9078\/revisions"}],"predecessor-version":[{"id":9079,"href":"https:\/\/kotarbinski.com\/blogomarketingu\/wp-json\/wp\/v2\/pages\/9078\/revisions\/9079"}],"wp:attachment":[{"href":"https:\/\/kotarbinski.com\/blogomarketingu\/wp-json\/wp\/v2\/media?parent=9078"}],"curies":[{"name":"wp","href":"https:\/\/api.w.org\/{rel}","templated":true}]}}