{"id":9330,"date":"2024-03-16T04:16:15","date_gmt":"2024-03-16T04:16:15","guid":{"rendered":"https:\/\/kotarbinski.com\/blogomarketingu\/?page_id=9330"},"modified":"2024-03-16T04:39:34","modified_gmt":"2024-03-16T04:39:34","slug":"po-godzinach-wywiad-z-jackiem-kotarbinskim","status":"publish","type":"page","link":"https:\/\/kotarbinski.com\/blogomarketingu\/po-godzinach-wywiad-z-jackiem-kotarbinskim\/","title":{"rendered":"PO GODZINACH &#8211; WYWIAD Z JACKIEM KOTARBI\u0143SKIM"},"content":{"rendered":"<h2>Red. Maria Czatowska rozmawia z Jackiem Kotarbi\u0144skim o pasjach, marzeniach i wyzwaniach osobistych.<\/h2>\n<p dir=\"ltr\" style=\"line-height:1.38;margin-top:23pt;margin-bottom:0pt;\">Jakie s\u0105 trzy najwa\u017cniejsze warto\u015bci, kt\u00f3re kszta\u0142tuj\u0105 Twoje \u017cycie prywatne?<\/p>\n<p dir=\"ltr\" style=\"line-height:1.38;margin-top:23pt;margin-bottom:0pt;\">Mo\u017ce to zabrzmi banalnie, ale mi\u0142o\u015b\u0107 i szacunek. Mam fajn\u0105 rodzin\u0119. Jeste\u015bmy ma\u0142\u017ce\u0144stwem z Joann\u0105 od 1990 roku i nie nudzimy si\u0119 ze sob\u0105. Drug\u0105 warto\u015bci\u0105 to miej fun z tego, co robisz i ciesz si\u0119 tym. Uwielbiam swoj\u0105 prac\u0119 zawodow\u0105, zar\u00f3wno jako ekspert, jak i wyk\u0142adowca akademicki. Trzecia warto\u015b\u0107 do istota ekonomicznej r\u00f3wnowagi profesora Nasha &#8211; r\u00f3b to, co dobre dla innych i to, co dobre dla Ciebie. Moim mottem s\u0105 te\u017c s\u0142owa prof. Tadeusza Kotarbi\u0144skiego: \u201elub robi\u0107 co\u015b, kochaj kogo\u015b, \u017cyj powa\u017cnie, nie b\u0105d\u017a ga\u0142ganem\u201d.&nbsp;<\/p>\n<p dir=\"ltr\" style=\"line-height:1.38;margin-top:23pt;margin-bottom:0pt;\">Czy mo\u017cesz podzieli\u0107 si\u0119 jakim\u015b szczeg\u00f3lnym momentem lub do\u015bwiadczeniem, kt\u00f3re zmieni\u0142o Twoje spojrzenie na \u017cycie?<\/p>\n<p dir=\"ltr\" style=\"line-height:1.38;margin-top:23pt;margin-bottom:0pt;\">Jest wiele takich do\u015bwiadcze\u0144. Bardziej okre\u015bli\u0142bym je mianem pivotowania. To poj\u0119cie oznacza elastyczno\u015b\u0107 zmian, konieczno\u015b\u0107 dostosowywania si\u0119 do nich. Nie mia\u0142em w \u017cyciu dramat\u00f3w, kt\u00f3re ca\u0142kowicie wywraca\u0142yby je do g\u00f3ry nogami. Na pewno wp\u0142yn\u0119\u0142a na moje \u017cycie \u015bmier\u0107 ojca, kiedy mia\u0142em 16 lat. Moja Mama jest cudown\u0105 kobiet\u0105, ale czasami przydaje si\u0119 m\u0119ski pogl\u0105d na \u017cyciowe sytuacje. Tego mi brakowa\u0142o. M\u0119sk\u0105 szko\u0142\u0119 przeszed\u0142em na \u201czmechu\u201d, czyli obecnie Akademii Wojsk L\u0105dowych. Nabra\u0142em tam kompetencji, kt\u00f3re by\u0142y fundamentami do p\u00f3\u017aniejszego prowadzenia prezentacji, zarz\u0105dzania zespo\u0142ami, organizacji projekt\u00f3w, punktualno\u015bci, pewnego re\u017cimu pracy. Wa\u017cnymi zmianami by\u0142o ma\u0142\u017ce\u0144stwo z Joann\u0105, urodziny dzieci, nasze koty Snoopie i Szerlok, kt\u00f3re biegaj\u0105 dzi\u015b po niebieskich \u0142\u0105kach, obrona doktoratu. Wiele wydarze\u0144 w naszym \u017cyciu powoduje swoiste pivoty, zmiany, na kt\u00f3re reagujemy i dojrzewamy. Na wiele podejmowanych decyzji patrzy si\u0119 zawsze z pewnej perspektywy czasu. Swoje credo zawar\u0142em w ostatnim rozdziale <a href=\"https:\/\/ksiegarnia.pwn.pl\/50-praw-marketingu-Kotarbinskiego,865310723,p.html\" style=\"text-decoration:none;\">\u201c50 Praw Kotarbi\u0144skiego\u201d<\/a>. Niemniej najwa\u017cniejsze dla mnie jest patrze\u0107 na to co b\u0119dzie jutro, a nie rozdziera\u0107 tego, co by\u0142o wczoraj.&nbsp;<\/p>\n<p dir=\"ltr\" style=\"line-height:1.38;margin-top:23pt;margin-bottom:0pt;\">Jak radzisz sobie z wyzwaniami i trudno\u015bciami w \u017cyciu osobistym? Czy masz jakie\u015b konkretne strategie radzenia sobie z trudno\u015bciami?<\/p>\n<p dir=\"ltr\" style=\"line-height:1.38;margin-top:23pt;margin-bottom:0pt;\">Nie wiem, czy jest to strategia. Jestem jedynakiem, a to do\u015b\u0107 specyficzna natura. Jedynacy nie maj\u0105 \u201eluster\u201d w postaci rodze\u0144stwa, w zwi\u0105zku z czym, dop\u00f3ki nie znajd\u0105 \u017cyciowego partnera, nawiguj\u0105 w \u017cyciu jak samotny \u017ceglarz. Oczywi\u015bcie, rodzice s\u0105 wa\u017cni, ale nie rozwi\u0105\u017c\u0105 wszystkich problem\u00f3w. Jedynak to troch\u0119 taki saper, kt\u00f3ry porusza si\u0119 po polu minowym, zas\u0142aniaj\u0105c sobie uszy. P\u00f3\u017aniej, kiedy pojawia si\u0119 \u017cyciowy partner, chcesz dzieli\u0107 troski na p\u00f3\u0142 i mno\u017cy\u0107 sukcesy przez dwa. Joanna jest moim wielkim przyjacielem od 1989 roku.&nbsp;<\/p>\n<p dir=\"ltr\" style=\"line-height:1.38;margin-top:23pt;margin-bottom:0pt;\">Od zawsze dla mnie azylem jest muzyka. Uwielbiam wersje symfoniczne np. Lionel Richie &#8211; koncert w Rosso czy jeden z najlepszych projekt\u00f3w polskich, czyli Lady Pank symfonicznie. Uwielbiam Thomasa Bergenssena, projekty Rondo Veneziano, Alan Parsons Project, Falco z orkiestr\u0105 symfoniczn\u0105 i wiele innych. <a href=\"https:\/\/open.spotify.com\/user\/1166646403\" style=\"text-decoration:none;\">Moje playlisty na Spotify s\u0105 dost\u0119pne publicznie, wystarczy da\u0107 follow<\/a>. Polecam szczeg\u00f3lnie te z numerem 50. To lista utwor\u00f3w przygotowana na moje 50 urodziny i go\u015bcie doskonale si\u0119 przy niej bawili. Wychowa\u0142a mnie muzyka lat 80-tych XX wieku, Lista Przeboj\u00f3w Programu Trzeciego z kultowym Markiem Nied\u017awiedzkim czy \u201cluxy\u201d czyli Radio Luxembourg.&nbsp;<\/p>\n<p dir=\"ltr\" style=\"line-height:1.38;margin-top:23pt;margin-bottom:0pt;\">Czy istnieje kto\u015b, kto mia\u0142 istotny wp\u0142yw na Twoje \u017cycie osobiste? W jaki spos\u00f3b ta osoba wp\u0142yn\u0119\u0142a na Ciebie?<\/p>\n<p dir=\"ltr\" style=\"line-height:1.38;margin-top:23pt;margin-bottom:0pt;\">W zakresie zawodowym, na pewno tak\u0105 postaci\u0105 jest <a href=\"https:\/\/en.wikipedia.org\/wiki\/Philip_Kotler\" style=\"text-decoration:none;\">prof. Philip Kotler<\/a>. <a href=\"https:\/\/kotarbinski.com\/blogomarketingu\/moje-przygody-z-profesorem-philipem-kotlerem\/\" style=\"text-decoration:none;\">Opisywa\u0142em moje przygody z nim na blogu<\/a>. Jestem ekonomist\u0105 rynku i od pocz\u0105tku swojej kariery zawodowej zajmuj\u0119 si\u0119 szeroko poj\u0119tym marketingiem.&nbsp;<\/p>\n<p dir=\"ltr\" style=\"line-height:1.38;margin-top:23pt;margin-bottom:0pt;\">Wyj\u0105tkow\u0105 dla mnie osob\u0105, jest prof. Danuta Ruci\u0144ska, promotorka mojego doktoratu. To dzi\u0119ki niej mog\u0142em ukszta\u0142towa\u0107 si\u0119 na naukowy spos\u00f3b.&nbsp; Dzi\u015b pracuj\u0119 z wieloma dyplomantami, kt\u00f3rych jestem promotorem i recenzentem prac licencjackich i magisterskich. Tego ducha pani Profesor zawsze pr\u00f3buj\u0119 im przekaza\u0107. Wa\u017cn\u0105 dla mnie osob\u0105 jest te\u017c prof. Dariusz Filar. Jest to jeden z nielicznych profesor\u00f3w, kt\u00f3ry fantastycznie opowiada o makroekonomii.&nbsp;<\/p>\n<p dir=\"ltr\" style=\"line-height:1.38;margin-top:23pt;margin-bottom:0pt;\">W sensie prywatnym wp\u0142ywaj\u0105 na mnie Przyjaciele, kt\u00f3rzy s\u0105 rozsiani po ca\u0142ym \u015bwiecie. Natomiast na pewno wp\u0142yw na moje \u017cycie ma najbli\u017csza rodzina, doros\u0142e ju\u017c dzieci, ale i m\u0142ode pokolenie, czyli rodzina siostrzenicy Joanny. Na przyk\u0142ad 1,5 roczna Zoja ze swoim radosnym \u201cCes??\u201d czy Rafa\u0142, z kt\u00f3rym zawsze chodzimy do kina, dzi\u0119ki czemu by\u0142em na \u201eAkademii Pana Kleksa\u201d. Na dodatek w super wypasionej sali kina Helios w Gdyni.&nbsp;<\/p>\n<p dir=\"ltr\" style=\"line-height:1.38;margin-top:23pt;margin-bottom:0pt;\">Jaki jest Tw\u00f3j najwi\u0119kszy cel \u017cyciowy, kt\u00f3ry chcia\u0142by\u015b osi\u0105gn\u0105\u0107 w przysz\u0142o\u015bci?<\/p>\n<p dir=\"ltr\" style=\"line-height:1.38;margin-top:23pt;margin-bottom:0pt;\">Trudno powiedzie\u0107, tych cel\u00f3w jest naprawd\u0119 wiele i u\u017cywaj\u0105c j\u0119zyka przedsi\u0119biorc\u00f3w, nazwa\u0142bym je celami operacyjnymi, bie\u017c\u0105cymi, z r\u00f3\u017cnymi perspektywami czasowymi. A \u017cyciowo? Mam natur\u0119 \u017co\u0142nierza, nie boj\u0119 si\u0119 \u015bmierci. Czasami si\u0119 zastanawiam, czy jest to brama, czy \u015bciana? Mo\u017ce to dziwnie zabrzmi, ale jestem po prostu ciekawy tego, co si\u0119 dzieje po. W filmie \u201eSzeregowiec Ryan\u201d jest taka scena, kiedy tytu\u0142owy Ryan ju\u017c w podesz\u0142ym wieku, staje nad grobem oficera, kt\u00f3ry uratowa\u0142 mu \u017cycie. Pyta swoj\u0105 \u017con\u0119 czy wart by\u0142 tej ofiary. Ona odpowiada, \u017ce tak, bo by\u0142 dobrym cz\u0142owiekiem. My\u015bl\u0119, \u017ce takim bym chcia\u0142 by\u0107 zapami\u0119tany.&nbsp;<\/p>\n<p dir=\"ltr\" style=\"line-height:1.38;margin-top:23pt;margin-bottom:0pt;\">Jak\u0105 rol\u0119 odgrywa tw\u00f3rczo\u015b\u0107 lub pasje w Twoim \u017cyciu prywatnym? Czy masz jakie\u015b ulubione hobby lub zaj\u0119cia, kt\u00f3re s\u0105 dla Ciebie wa\u017cne?<\/p>\n<p dir=\"ltr\" style=\"line-height:1.38;margin-top:23pt;margin-bottom:0pt;\">Du\u017co czytania na w najr\u00f3\u017cniejszych formu\u0142ach, czyli online i offline, bardzo du\u017co pisania, aktywno\u015bci w mediach spo\u0142eczno\u015bciowych. Mieszkam w Gdyni, a to najlepsze miejsce do \u017cycia. P\u0142ywanie, morsowanie, squash to aktywno\u015bci, kt\u00f3re uwielbiam. Zdecydowanie jestem typem \u201ewodnym\u201d ni\u017c l\u0105dowym. Nigdy nie przepada\u0142em za bieganiem. Nabiega\u0142em si\u0119 za ca\u0142e \u017cycie w szkole oficerskiej. Lubi\u0119 niekt\u00f3re gry komputerowe, a to kr\u00f3tka lista. Seria Battlefield i Ruse. Obie wojskowe. Taka karma. Kiedy\u015b by\u0142em zapalonym graczem w \u201cAmericas Army\u201d, ale od lat ju\u017c tylko konsola. Z gier cywilnych zawsze uwielbiam SIm City.&nbsp;<\/p>\n<p dir=\"ltr\" style=\"line-height:1.38;margin-top:23pt;margin-bottom:0pt;\">Czy istniej\u0105 jakie\u015b wydarzenia lub momenty z Twojego \u017cycia osobistego, kt\u00f3re szczeg\u00f3lnie Ci\u0119 zainspirowa\u0142y lub nauczy\u0142y czego\u015b warto\u015bciowego?<\/p>\n<p dir=\"ltr\" style=\"line-height:1.38;margin-top:23pt;margin-bottom:0pt;\">Ka\u017cdy moment naszego \u017cycia czego\u015b nas uczy. Dla mnie zawsze takimi wyj\u0105tkowymi momentami s\u0105 spotkania z przyjaci\u00f3\u0142mi. Prof. Bralczyk mawia, \u017ce dobra rozmowa jest swoistym dzie\u0142em sztuki. Jestem ciekaw ludzi. Dzi\u0119ki tej ciekawo\u015bci mog\u0142em pozna\u0107 Dorot\u0119 Zawadzk\u0105, Iren\u0119 Eris, Maj\u0119 Popielarsk\u0105, Renat\u0119 Kim, Magd\u0119 Masny, Henryk\u0119 Bochniarz, Nin\u0119 Kowalewsk\u0105-Miotlik, Magd\u0119 Czaj\u0119, Martyn\u0119 Wojciechowsk\u0105, Kasi\u0119 Nowick\u0105, Mariann\u0119 Dufek, prof. Ew\u0119 \u0141\u0119towsk\u0105, Ma\u0142gosi\u0119 Rozenek, Iwon\u0119 Guzowsk\u0105, Kasi\u0119 Bosack\u0105, Ani\u0119 Much\u0119, Henryk\u0119 Krzywonos, Basi\u0119 Nowack\u0105, Jol\u0119 Tkaczyk, Konrada Piaseckiego, Jaros\u0142awa Wa\u0142\u0119s\u0119, Paw\u0142a P\u0142usk\u0119, Romana M\u0142odkowskiego, Micha\u0142a Gucia, Tomka Kota, Ma\u0107ka Stuhra, Andrzeja P\u0105gowskiego, Tomka Raczka, Jarka Ku\u017aniara, Mateusza Kusznierewicza, Wojtka Jabczy\u0144skiego, Henryka Orfingera, Piotra Voelkela,&nbsp; Rafa\u0142a Brzosk\u0119, Andrzeja Saramonowicza, Piotra Moszy\u0144skiego, Micha\u0142a Rusinka i wielu innych, ale r\u00f3wni wa\u017cnych. To niesamowite osobowo\u015bci i zawsze rozmowy z nimi, czasem bardzo rzadkie, s\u0105 dla mnie takimi wyj\u0105tkowymi chwilami. Nie wspominam tutaj Przyjaci\u00f3\u0142, kt\u00f3re nie s\u0105 osobami publicznymi, niech pozostan\u0105 w ukryciu. Sami wiedz\u0105, \u017ce ich kocham.&nbsp;<\/p>\n<p dir=\"ltr\" style=\"line-height:1.38;margin-top:23pt;margin-bottom:0pt;\">Czy jest jaka\u015b ksi\u0105\u017cka, film, czy piosenka, kt\u00f3ra mia\u0142a g\u0142\u0119boki wp\u0142yw na Ciebie i Twoje podej\u015bcie do \u017cycia prywatnego?<\/p>\n<p dir=\"ltr\" style=\"line-height:1.38;margin-top:23pt;margin-bottom:0pt;\">Oczywi\u015bcie. \u201dDirty dancing\u201d. Joann\u0119 nazywam czasami \u201eDziewczyn\u0105 z Ko\u0144ca Sali\u201d. Poznali\u015bmy si\u0119 7 sierpnia 1989 roku w Klubie Ta\u0144ca Towarzyskiego w Ciechanowie. Ale nasza trenerka, Irmina od razu stwierdzi\u0142a, \u017ce ta\u0144czy\u0107 turniejowo nie b\u0119dziemy. Za du\u017ca r\u00f3\u017cnica wzrostu. To ta\u0144czyli\u015bmy nie turniejowo, robimy s\u0142ynne podniesienie z filmu i tak pl\u0105samy razem 35 lat. Uwielbiam te\u017c film \u201cFootloose\u201d z Kevinem Baconem z 1984r.&nbsp;<\/p>\n<p dir=\"ltr\" style=\"line-height:1.38;margin-top:23pt;margin-bottom:0pt;\">Jedna z moich ulubionych ksi\u0105\u017cek to \u201eW\u0142adca Pier\u015bcieni\u201d, kt\u00f3r\u0105 czyta\u0142em jeszcze b\u0119d\u0105c nastolatkiem. Lubi\u0119 Dana Browna, cho\u0107 jego ksi\u0105\u017cki czasami przypominaj\u0105 przewodniki turystyczne. Niemniej tras\u0119 w Pary\u017cu \u201c\u015bladem Kodu da Vinci\u201d mam zaliczon\u0105. O piosenkach i muzyce ju\u017c m\u00f3wi\u0142em. Co do film\u00f3w, jest ich wiele. Mog\u0119 bez ko\u0144ca ogl\u0105da\u0107 filmy Stanis\u0142awa Barei. Uwielbiam \u201cSeksmisj\u0119\u201d, uwa\u017cam, \u017ce jest ponadczasowa, cho\u0107 dzi\u015b uznano by j\u0105 za seksistowsk\u0105. \u015awietne produkcje Juliusza Machulskiego, ale i \u201cPsy\u201d Pasikowskiego. Wyj\u0105tkowym filmem dla mnie jest \u201eFotograf\u201d Waldemara Krzystka. Lubi\u0119 polskie kino, cho\u0107 czasami przyprawia mnie o b\u00f3l g\u0142owy, ze wzgl\u0119du na zmarnowany potencja\u0142 pomys\u0142u. Marz\u0119 o superprodukcjach na miar\u0119 globaln\u0105. Polska nie potrafi opowiada\u0107 swojej historii, tak jak robi\u0105 inne kraje, o Hollywood nie wspominaj\u0105c. Wyj\u0105tkiem jest genialna Agnieszka Holland, szczeg\u00f3lnie \u201cZielona granica\u201d.&nbsp;<\/p>\n<p dir=\"ltr\" style=\"line-height:1.38;margin-top:23pt;margin-bottom:0pt;\">Kocham polskie kino lat 60., szczeg\u00f3lnie Zbyszka Cybulskiego. Zawsze odwiedzam jego ducha na dworcu we Wroc\u0142awiu i za\u0142o\u017cy\u0142em tam jego checkin. Podobnie odwiedzam Szarego Cz\u0142owieka przy Pa\u0142acu Kultury i Nauki w Warszawie.&nbsp;<\/p>\n<p dir=\"ltr\" style=\"line-height:1.38;margin-top:23pt;margin-bottom:0pt;\">Cz\u0119sto powtarzam, \u017ce powinni\u015bmy mie\u0107 film \u201cWrzesie\u0144 39\u201d opowiadaj\u0105cy histori\u0119 pocz\u0105tku II Wojny \u015awiatowej, w konwencji dyptyku \u201eListy z Iwo Jimy\u201d i \u201eSztandar Chwa\u0142y\u201d. To formu\u0142a, w kt\u00f3rej te same epizody pokazane s\u0105 oczami ameryka\u0144skich i japo\u0144skich \u017co\u0142nierzy. Marz\u0119, by w koprodukcji polsko-brytyjskiej, nakr\u0119cono do \u015bwiatowej dystrybucji film \u201eSosabowski\u201d o generale Stanis\u0142awie Sosabowskim. O ca\u0142ym \u017cyciu. O prawdzie, jak potraktowano jego osob\u0119. Na podstawie wsp\u00f3\u0142czesnych \u017ar\u00f3de\u0142 historycznych. Na dodatek w tej perspektywie mo\u017cna pokaza\u0107 losy \u017co\u0142nierzy polskich, z kt\u00f3rych jedni wracali do komunistycznej Polski i trafiali do wi\u0119zie\u0144, a drudzy po zako\u0144czeniu wojny, stawali si\u0119 na emigracji nikim.&nbsp; Genera\u0142 Stanis\u0142aw Sosabowski jest w pewnym sensie moim duchowym patronem. Urodzi\u0142em si\u0119 25 wrze\u015bnia 1967 roku &#8211; dok\u0142adnie w dniu jego \u015bmierci.&nbsp;<\/p>\n<p dir=\"ltr\" style=\"line-height:1.38;margin-top:23pt;margin-bottom:0pt;\">Z czas\u00f3w wsp\u00f3\u0142czesnych, doskona\u0142ym filmem o zasi\u0119gu globalnym, by\u0142by film \u201eIga\u201d o Idze \u015awi\u0105tek lub \u201eLewy\u201d o Robercie Lewandowskim. Napisanie dobrego scenariusza, \u015bwietna produkcja &#8211; gwarantuje moim zdaniem sukces. To s\u0105 polskie diamenty, z kt\u00f3rych mo\u017cna zrobi\u0107 brylanty. Poza tym, skoro Brytyjczycy maj\u0105 swojego Jamesa Bonda, dlaczego polski Pan Samochodzik nie mia\u0142by by\u0107 jego odpowiednikiem? Albo profesora Langdona? Naprawd\u0119, dzi\u015b niewiele trzeba, \u017ceby przetworzy\u0107 dobr\u0105 histori\u0119 w globalny produkt. Netfliks to umo\u017cliwia &#8211; chocia\u017cby przyk\u0142ad \u015bwietnego serialu \u201cSexify\u201d czy najnowszego \u201eZnachora\u201d.&nbsp;<\/p>\n<p dir=\"ltr\" style=\"line-height:1.38;margin-top:23pt;margin-bottom:0pt;\">Uwielbiam kino, natomiast moim konikiem jest kino wojenne. Nie ze wzgl\u0119du na fascynacj\u0119 militariami, ale tzw. wyzwania krytyczne &#8211; podejmowanie decyzji przez ludzi w konkretnych, skrajnych sytuacjach. Doskonale jest to pokazane w filmach \u201c\u0141zy s\u0142o\u0144ca\u201d z Brucem Willisem i Monik\u0105 Belucci czy \u201cKarmazynowy przyp\u0142yw\u201d z Denzelem Washingtonem i Gene Hackmanem.&nbsp;<\/p>\n<p dir=\"ltr\" style=\"line-height:1.38;margin-top:23pt;margin-bottom:0pt;\">Polskim filmem o wyzwaniu krytycznym jest \u201cCz\u0142owiek na torze\u201d (1956) z Kazimierzem Opali\u0144skim, kultowego re\u017cysera, Andrzeja Munka.&nbsp;<\/p>\n<p dir=\"ltr\" style=\"line-height:1.38;margin-top:23pt;margin-bottom:0pt;\">Moim topowym filmem jest te\u017c \u201cPi\u0119kny umys\u0142\u201d z genialnym Russelem Crowe w roli profesora Nasha. Teoria r\u00f3wnowagi Nasha jest jednym z moich kluczowych fundament\u00f3w pracy zawodowej. Podobnie jak tw\u00f3rczo\u015b\u0107 prof. Tadeusza Kotarbi\u0144skiego.&nbsp;&nbsp;<\/p>\n<p dir=\"ltr\" style=\"line-height:1.38;margin-top:23pt;margin-bottom:0pt;\">Ale do\u015b\u0107 o filmach, musieliby\u015bmy o tym porozmawia\u0107 przy innej okazji.<\/p>\n<p dir=\"ltr\" style=\"line-height:1.38;margin-top:23pt;margin-bottom:0pt;\">Jakie rady lub m\u0105dro\u015bci chcia\u0142by\u015b przekaza\u0107 innym, opieraj\u0105c si\u0119 na swoim \u017cyciu osobistym i do\u015bwiadczeniach?<\/p>\n<p dir=\"ltr\" style=\"line-height:1.38;margin-top:23pt;margin-bottom:0pt;\">Proste. W\u0142a\u015bnie zdefiniowane przez prof. Tadeusza Kotarbi\u0144skiego. Je\u017celi co\u015b robisz &#8211; r\u00f3b to dobrze, niech to b\u0119dzie \u201cdobra robota\u201d. Je\u017celi kochasz, kochaj w ca\u0142ym zakresie. Je\u017celi chcesz kogo\u015b przytuli\u0107 lub poca\u0142owa\u0107 &#8211; zr\u00f3b to. \u017byj powa\u017cnie &#8211; szanuj innych, a b\u0119dziesz szanowany. Nie b\u0105d\u017a w \u017cyciu ga\u0142ganem &#8211; nie b\u0105d\u017a w \u017cyciu sk\u2026nem. Warto by\u0107 przyzwoitym, jak mawia\u0142 prof. Bartoszewski. Czy s\u0142ynny jego cytat: \u201cwarto by\u0107 uczciwym, cho\u0107 nie zawsze si\u0119 to op\u0142aca. Op\u0142aca si\u0119 by\u0107 nieuczciwym, ale nie warto\u201d. To proste.&nbsp;<\/p>\n<p dir=\"ltr\" style=\"line-height:1.38;margin-top:23pt;margin-bottom:0pt;\">Pami\u0119taj o my\u015bli profesora Nasha &#8211; r\u00f3b to, co dobre dla innych i to co dobre dla ciebie. Dodatkowo my\u015bl Jose Manela Jadraque, by\u0142ego szefa Desigual, kt\u00f3rego spotka\u0142em na konferencji w Pary\u017cu &#8211; miej fun w biznesie i r\u00f3b biznes dla funu. Przek\u0142adam to na \u017cycie zawodowe ka\u017cdego z nas. Cieszmy si\u0119 tym, co robimy, a rado\u015b\u0107 \u017cycia b\u0119dzie w zasi\u0119gu r\u0119ki. Czego wszystkim \u017cycz\u0119 i Tobie Marysiu te\u017c.&nbsp;<\/p>\n<p dir=\"ltr\" style=\"line-height:1.38;margin-top:23pt;margin-bottom:0pt;\">Nie jestem Marysi\u0105, jestem ChatGPT.<\/p>\n<p dir=\"ltr\" style=\"line-height:1.38;margin-top:23pt;margin-bottom:0pt;\">Jeste\u015b Marysi\u0105, jeste\u015b. <a href=\"https:\/\/kotarbinski.com\/blogomarketingu\/jak-wdrozyc-ai-w-marketingu-i-sie-nie-poparzyc\/\" style=\"text-decoration:none;\">Tutaj wyja\u015bniam dlaczego<\/a>.<\/p>\n<p dir=\"ltr\" style=\"line-height:1.38;margin-top:23pt;margin-bottom:0pt;\">Dzi\u0119kuj\u0119 za rozmow\u0119 i zaraz sprawdz\u0119, dlaczego mnie tak nazywasz.&nbsp;<\/p>\n<\/p>\n<p dir=\"ltr\" style=\"line-height:1.38;margin-top:23pt;margin-bottom:0pt;\">Wywiad przeprowadzony przez ChatGPT 4. Prompt: Jeste\u015b dziennikarzem i przeprowadzasz ze mn\u0105 wywiad na temat mojego \u017cycia prywatnego. Zadaj mi 9 pyta\u0144, kt\u00f3re b\u0119d\u0105 inspiruj\u0105ce.<\/p>\n<!-- AddThis Advanced Settings generic via filter on the_content --><!-- AddThis Share Buttons generic via filter on the_content -->","protected":false},"excerpt":{"rendered":"<p>Red. Maria Czatowska rozmawia z Jackiem Kotarbi\u0144skim o pasjach, marzeniach i wyzwaniach osobistych. Jakie s\u0105 trzy najwa\u017cniejsze warto\u015bci, kt\u00f3re kszta\u0142tuj\u0105 [&hellip;]<!-- AddThis Advanced Settings generic via filter on get_the_excerpt --><!-- AddThis Share Buttons generic via filter on get_the_excerpt --><\/p>\n","protected":false},"author":1,"featured_media":0,"parent":0,"menu_order":0,"comment_status":"closed","ping_status":"closed","template":"","meta":{"om_disable_all_campaigns":false,"_exactmetrics_skip_tracking":false,"_exactmetrics_sitenote_active":false,"_exactmetrics_sitenote_note":"","_exactmetrics_sitenote_category":0,"_monsterinsights_skip_tracking":false,"_monsterinsights_sitenote_active":false,"_monsterinsights_sitenote_note":"","_monsterinsights_sitenote_category":0,"_uf_show_specific_survey":0,"_uf_disable_surveys":false,"site-sidebar-layout":"default","site-content-layout":"","ast-site-content-layout":"default","site-content-style":"default","site-sidebar-style":"default","ast-global-header-display":"","ast-banner-title-visibility":"","ast-main-header-display":"","ast-hfb-above-header-display":"","ast-hfb-below-header-display":"","ast-hfb-mobile-header-display":"","site-post-title":"","ast-breadcrumbs-content":"","ast-featured-img":"","footer-sml-layout":"","ast-disable-related-posts":"","theme-transparent-header-meta":"","adv-header-id-meta":"","stick-header-meta":"","header-above-stick-meta":"","header-main-stick-meta":"","header-below-stick-meta":"","astra-migrate-meta-layouts":"default","ast-page-background-enabled":"default","ast-page-background-meta":{"desktop":{"background-color":"var(--ast-global-color-5)","background-image":"","background-repeat":"repeat","background-position":"center center","background-size":"auto","background-attachment":"scroll","background-type":"","background-media":"","overlay-type":"","overlay-color":"","overlay-opacity":"","overlay-gradient":""},"tablet":{"background-color":"","background-image":"","background-repeat":"repeat","background-position":"center center","background-size":"auto","background-attachment":"scroll","background-type":"","background-media":"","overlay-type":"","overlay-color":"","overlay-opacity":"","overlay-gradient":""},"mobile":{"background-color":"","background-image":"","background-repeat":"repeat","background-position":"center center","background-size":"auto","background-attachment":"scroll","background-type":"","background-media":"","overlay-type":"","overlay-color":"","overlay-opacity":"","overlay-gradient":""}},"ast-content-background-meta":{"desktop":{"background-color":"var(--ast-global-color-4)","background-image":"","background-repeat":"repeat","background-position":"center center","background-size":"auto","background-attachment":"scroll","background-type":"","background-media":"","overlay-type":"","overlay-color":"","overlay-opacity":"","overlay-gradient":""},"tablet":{"background-color":"var(--ast-global-color-4)","background-image":"","background-repeat":"repeat","background-position":"center center","background-size":"auto","background-attachment":"scroll","background-type":"","background-media":"","overlay-type":"","overlay-color":"","overlay-opacity":"","overlay-gradient":""},"mobile":{"background-color":"var(--ast-global-color-4)","background-image":"","background-repeat":"repeat","background-position":"center center","background-size":"auto","background-attachment":"scroll","background-type":"","background-media":"","overlay-type":"","overlay-color":"","overlay-opacity":"","overlay-gradient":""}},"jetpack_post_was_ever_published":false,"footnotes":""},"class_list":["post-9330","page","type-page","status-publish","hentry"],"aioseo_notices":[],"jetpack_shortlink":"https:\/\/wp.me\/PaKYj5-2qu","jetpack_sharing_enabled":true,"_links":{"self":[{"href":"https:\/\/kotarbinski.com\/blogomarketingu\/wp-json\/wp\/v2\/pages\/9330","targetHints":{"allow":["GET"]}}],"collection":[{"href":"https:\/\/kotarbinski.com\/blogomarketingu\/wp-json\/wp\/v2\/pages"}],"about":[{"href":"https:\/\/kotarbinski.com\/blogomarketingu\/wp-json\/wp\/v2\/types\/page"}],"author":[{"embeddable":true,"href":"https:\/\/kotarbinski.com\/blogomarketingu\/wp-json\/wp\/v2\/users\/1"}],"replies":[{"embeddable":true,"href":"https:\/\/kotarbinski.com\/blogomarketingu\/wp-json\/wp\/v2\/comments?post=9330"}],"version-history":[{"count":13,"href":"https:\/\/kotarbinski.com\/blogomarketingu\/wp-json\/wp\/v2\/pages\/9330\/revisions"}],"predecessor-version":[{"id":9343,"href":"https:\/\/kotarbinski.com\/blogomarketingu\/wp-json\/wp\/v2\/pages\/9330\/revisions\/9343"}],"wp:attachment":[{"href":"https:\/\/kotarbinski.com\/blogomarketingu\/wp-json\/wp\/v2\/media?parent=9330"}],"curies":[{"name":"wp","href":"https:\/\/api.w.org\/{rel}","templated":true}]}}