{"id":9355,"date":"2024-03-16T07:09:08","date_gmt":"2024-03-16T07:09:08","guid":{"rendered":"https:\/\/kotarbinski.com\/blogomarketingu\/?page_id=9355"},"modified":"2024-10-08T06:08:36","modified_gmt":"2024-10-08T06:08:36","slug":"konsultacje-online","status":"publish","type":"page","link":"https:\/\/kotarbinski.com\/blogomarketingu\/konsultacje-online\/","title":{"rendered":"KONSULTACJE ONLINE"},"content":{"rendered":"<p>Konsultacje online stanowi\u0105 wygodn\u0105 alternatyw\u0119 dla tradycyjnych spotka\u0144 twarz\u0105 w twarz, oferuj\u0105c szereg zalet, kt\u00f3re przemawiaj\u0105 za ich wyborem. Jednym z g\u0142\u00f3wnych atut\u00f3w jest oszcz\u0119dno\u015b\u0107 czasu, poniewa\u017c uczestnicy nie musz\u0105 podr\u00f3\u017cowa\u0107, co jest szczeg\u00f3lnie istotne dla os\u00f3b mieszkaj\u0105cych w odleg\u0142ych miejscach lub dla tych, kt\u00f3rzy maj\u0105 napi\u0119ty harmonogram. <\/p>\n<p>Konsultacje online cz\u0119sto umo\u017cliwiaj\u0105 wi\u0119ksz\u0105 elastyczno\u015b\u0107 w planowaniu spotka\u0144, poniewa\u017c mo\u017cna je \u0142atwo dopasowa\u0107 do indywidualnych potrzeb zar\u00f3wno konsultanta, jak i klienta.<\/p>\n<p>Zalet\u0105 jest komfort psychiczny, kt\u00f3ry mo\u017ce wynika\u0107 z mo\u017cliwo\u015bci prowadzenia rozm\u00f3w w znanym i bezpiecznym \u015brodowisku, na przyk\u0142ad we w\u0142asnym domu. To mo\u017ce by\u0107 szczeg\u00f3lnie wa\u017cne w przypadku konsultacji dotycz\u0105cych istotnych spraw firmy czy poufnych informacji. <\/p>\n<p>Konsultant na \u017cyczenie klienta mo\u017ce podpisa\u0107 <a href=\"https:\/\/autenti.com\/pl\/blog\/umowa-o-zachowaniu-poufnosci-nda-czym-jest\">NDA<\/a>. <\/p>\n<p>Umowy podpisywane s\u0105 najch\u0119tniej w systemie <a href=\"https:\/\/autenti.com\/pl\/\">AUTENTI<\/a> (system podpisywania um\u00f3w dzi\u0119ki e-podpisowi). <a href=\"https:\/\/autenti.com\/pl\/przewodnik-prawny\">Informacja o AUTENTI dla ksi\u0119gowo\u015bci i finans\u00f3w<\/a>. <\/p>\n<h2>Procedura realizacji projektu konsultacji online<\/h2>\n<ol style=\"margin-top: 0; margin-bottom: 0; padding-inline-start: 48px;\">\n<li dir=\"ltr\" style=\"list-style-type: decimal; font-size: 13.999999999999998pt; font-family: Roboto,sans-serif; color: #1b1a1a; background-color: transparent; font-weight: 400; font-style: normal; font-variant: normal; text-decoration: none; vertical-align: baseline; white-space: pre;\" aria-level=\"1\">Konsultacje online, realizowane s\u0105 na zam\u00f3wienie klienta.\u00a0<\/li>\n<li dir=\"ltr\" style=\"list-style-type: decimal; font-size: 13.999999999999998pt; font-family: Roboto,sans-serif; color: #1b1a1a; background-color: transparent; font-weight: 400; font-style: normal; font-variant: normal; text-decoration: none; vertical-align: baseline; white-space: pre;\" aria-level=\"1\">\n<p dir=\"ltr\" style=\"line-height: 1.38; margin-top: 0pt; margin-bottom: 0pt;\" role=\"presentation\">Sprawd\u017a mo\u017cliwe <a href=\"https:\/\/bit.ly\/kotarbinskionline\">terminy konsultacji w formularzu<\/a> https:\/\/bit.ly\/kotarbinskionline<\/p>\n<\/li>\n<li dir=\"ltr\" style=\"list-style-type: decimal; font-size: 13.999999999999998pt; font-family: Roboto,sans-serif; color: #1b1a1a; background-color: transparent; font-weight: 400; font-style: normal; font-variant: normal; text-decoration: none; vertical-align: baseline; white-space: pre;\" aria-level=\"1\">\n<p dir=\"ltr\" style=\"line-height: 1.38; margin-top: 0pt; margin-bottom: 0pt;\" role=\"presentation\">Skontaktujemy si\u0119 z Tob\u0105 tak szybko, jak to b\u0119dzie mo\u017cliwe. Najcz\u0119\u015bciej kontakt z naszej strony jest w przeci\u0105gu 24-48 godzin.<\/p>\n<\/li>\n<li dir=\"ltr\" style=\"list-style-type: decimal; font-size: 13.999999999999998pt; font-family: Roboto,sans-serif; color: #1b1a1a; background-color: transparent; font-weight: 400; font-style: normal; font-variant: normal; text-decoration: none; vertical-align: baseline; white-space: pre;\" aria-level=\"1\">\n<p dir=\"ltr\" style=\"line-height: 1.38; margin-top: 0pt; margin-bottom: 0pt;\" role=\"presentation\">Pierwsza sesja konsultacji trwa 2 godziny zegarowe (sesja g\u0142\u00f3wna). Termin ustalany jest indywidualnie. W sesji g\u0142\u00f3wnej po stronie klienta nie powinno bra\u0107 udzia\u0142u wi\u0119cej ni\u017c 3 osoby. Sesja g\u0142\u00f3wna poprzedzona jest podstawowym researchem firmy i jej dzia\u0142alno\u015bci.\u00a0<\/p>\n<\/li>\n<li dir=\"ltr\" style=\"list-style-type: decimal; font-size: 13.999999999999998pt; font-family: Roboto,sans-serif; color: #1b1a1a; background-color: transparent; font-weight: 400; font-style: normal; font-variant: normal; text-decoration: none; vertical-align: baseline; white-space: pre;\" aria-level=\"1\">\n<p dir=\"ltr\" style=\"line-height: 1.38; margin-top: 0pt; margin-bottom: 0pt;\" role=\"presentation\">Kolejne sesje konsultacji online planowane s\u0105 indywidualnie. Najcz\u0119\u015bciej jest to 1 godzina zegarowa 2-3 razy w miesi\u0105cu.\u00a0<\/p>\n<\/li>\n<li dir=\"ltr\" style=\"list-style-type: decimal; font-size: 13.999999999999998pt; font-family: Roboto,sans-serif; color: #1b1a1a; background-color: transparent; font-weight: 400; font-style: normal; font-variant: normal; text-decoration: none; vertical-align: baseline; white-space: pre;\" aria-level=\"1\">\n<p dir=\"ltr\" style=\"line-height: 1.38; margin-top: 0pt; margin-bottom: 0pt;\" role=\"presentation\">Rozliczenia finansowe sesji konsultacyjnej realizowane s\u0105 na podstawie umowy o dzie\u0142o. P\u0142atno\u015bci dokonywane s\u0105 przed rozpocz\u0119ciem sesji. W przypadku ustalenia kilku godzinnych sesji w miesi\u0105cu, umowa podpisywana jest na ca\u0142y cykl sesji, wed\u0142ug ustalonego harmonogramu.\u00a0<\/p>\n<\/li>\n<li dir=\"ltr\" style=\"list-style-type: decimal; font-size: 13.999999999999998pt; font-family: Roboto,sans-serif; color: #1b1a1a; background-color: transparent; font-weight: 400; font-style: normal; font-variant: normal; text-decoration: none; vertical-align: baseline; white-space: pre;\" aria-level=\"1\">\n<p dir=\"ltr\" style=\"line-height: 1.38; margin-top: 0pt; margin-bottom: 0pt;\" role=\"presentation\">Dodatkowe szczeg\u00f3\u0142y konsultacji ustalane s\u0105 indywidualnie.\u00a0<\/p>\n<\/li>\n<\/ol>\n<p>\u00a0<\/p>\n<p>Konsultacje realizowane s\u0105 na platformie <a href=\"https:\/\/www.microsoft.com\/pl-pl\/microsoft-teams\/log-in\">Microsoft Teams<\/a> lub <a href=\"https:\/\/meet.google.com\/\">Google Meet<\/a>. Konsultant mo\u017ce r\u00f3wnie\u017c do\u0142\u0105czy\u0107 do dowolnej platformy np. <a href=\"https:\/\/meet.google.com\/\">Zoom <\/a>lub innych system\u00f3w videokonferencyjnych, je\u017celi po\u0142\u0105czenie nawi\u0105zywane jest przez klienta.\u00a0<\/p>\n<h3 style=\"box-sizing: inherit; margin: 1.6rem 2.4rem; padding: var(--artdeco-reset-base-padding-zero); border: var(--artdeco-reset-base-border-zero); font-size: var(--font-size-xlarge); vertical-align: var(--artdeco-reset-base-vertical-align-baseline); outline: var(--artdeco-reset-base-outline-zero); font-weight: var(--font-weight-bold); color: rgba(0, 0, 0, 0.9); line-height: var(--line-height-default); font-family: -apple-system, system-ui, 'system-ui', 'Segoe UI', Roboto, 'Helvetica Neue', 'Fira Sans', Ubuntu, Oxygen, 'Oxygen Sans', Cantarell, 'Droid Sans', 'Apple Color Emoji', 'Segoe UI Emoji', 'Segoe UI Emoji', 'Segoe UI Symbol', 'Lucida Grande', Helvetica, Arial, sans-serif; font-style: normal; font-variant-ligatures: normal; font-variant-caps: normal;\"><strong>Tematyka konsultacji<\/strong><\/h3>\n<ul style=\"box-sizing: inherit; margin: var(--artdeco-reset-base-margin-zero); padding: var(--artdeco-reset-base-padding-zero); border: var(--artdeco-reset-base-border-zero); font-size: var(--font-size-medium); vertical-align: var(--artdeco-reset-base-vertical-align-baseline); background: var(--artdeco-reset-base-background-transparent); font-family: var(--artdeco-reset-typography-font-family-sans); color: var(--color-text); line-height: var(--line-height-open);\">\n<li style=\"box-sizing: inherit; margin-top: 0.8rem; margin-bottom: 0.8rem; margin-left: 3.2rem; padding-left: 0.8rem; border: var(--artdeco-reset-base-border-zero); font-size: var(--artdeco-reset-base-font-size-hundred-percent); vertical-align: var(--artdeco-reset-base-vertical-align-baseline); background: var(--artdeco-reset-base-background-transparent); font-family: var(--artdeco-reset-typography-font-family-sans);\"><strong>Strategie i taktyki marketingowe<\/strong> \u2013 skuteczne sposoby na wyr\u00f3\u017cnienie si\u0119 na rynku.<\/li>\n<li style=\"box-sizing: inherit; margin-top: 0.8rem; margin-bottom: 0.8rem; margin-left: 3.2rem; padding-left: 0.8rem; border: var(--artdeco-reset-base-border-zero); font-size: var(--artdeco-reset-base-font-size-hundred-percent); vertical-align: var(--artdeco-reset-base-vertical-align-baseline); background: var(--artdeco-reset-base-background-transparent); font-family: var(--artdeco-reset-typography-font-family-sans);\"><strong>Komunikacja marketingowa<\/strong> \u2013 jak prowadzi\u0107 kampanie reklamowe, tworzy\u0107 briefy i skuteczne strategie.<\/li>\n<li style=\"box-sizing: inherit; margin-top: 0.8rem; margin-bottom: 0.8rem; margin-left: 3.2rem; padding-left: 0.8rem; border: var(--artdeco-reset-base-border-zero); font-size: var(--artdeco-reset-base-font-size-hundred-percent); vertical-align: var(--artdeco-reset-base-vertical-align-baseline); background: var(--artdeco-reset-base-background-transparent); font-family: var(--artdeco-reset-typography-font-family-sans);\"><strong>Skuteczno\u015b\u0107 i efektywno\u015b\u0107 dzia\u0142a\u0144 marketingowych<\/strong> \u2013 analizujemy, co dzia\u0142a, a co mo\u017cna usprawni\u0107.<\/li>\n<li style=\"box-sizing: inherit; margin-top: 0.8rem; margin-bottom: 0.8rem; margin-left: 3.2rem; padding-left: 0.8rem; border: var(--artdeco-reset-base-border-zero); font-size: var(--artdeco-reset-base-font-size-hundred-percent); vertical-align: var(--artdeco-reset-base-vertical-align-baseline); background: var(--artdeco-reset-base-background-transparent); font-family: var(--artdeco-reset-typography-font-family-sans);\"><strong>Tworzenie i rozw\u00f3j marki <\/strong>\u2013 od koncepcji po realizacj\u0119.<\/li>\n<li style=\"box-sizing: inherit; margin-top: 0.8rem; margin-bottom: 0.8rem; margin-left: 3.2rem; padding-left: 0.8rem; border: var(--artdeco-reset-base-border-zero); font-size: var(--artdeco-reset-base-font-size-hundred-percent); vertical-align: var(--artdeco-reset-base-vertical-align-baseline); background: var(--artdeco-reset-base-background-transparent); font-family: var(--artdeco-reset-typography-font-family-sans);\"><strong>Zarz\u0105dzanie mark\u0105 i portfelem marek<\/strong> \u2013 budowanie sp\u00f3jnej to\u017csamo\u015bci marki.<\/li>\n<li style=\"box-sizing: inherit; margin-top: 0.8rem; margin-bottom: 0.8rem; margin-left: 3.2rem; padding-left: 0.8rem; border: var(--artdeco-reset-base-border-zero); font-size: var(--artdeco-reset-base-font-size-hundred-percent); vertical-align: var(--artdeco-reset-base-vertical-align-baseline); background: var(--artdeco-reset-base-background-transparent); font-family: var(--artdeco-reset-typography-font-family-sans);\"><strong>Planowanie i bud\u017cet marketingu<\/strong> \u2013 jak efektywnie zarz\u0105dza\u0107 zasobami marketingowymi.<\/li>\n<li style=\"box-sizing: inherit; margin-top: 0.8rem; margin-bottom: 0.8rem; margin-left: 3.2rem; padding-left: 0.8rem; border: var(--artdeco-reset-base-border-zero); font-size: var(--artdeco-reset-base-font-size-hundred-percent); vertical-align: var(--artdeco-reset-base-vertical-align-baseline); background: var(--artdeco-reset-base-background-transparent); font-family: var(--artdeco-reset-typography-font-family-sans);\"><strong>Projekty marketingowe<\/strong> \u2013 od strategii po realizacj\u0119.<\/li>\n<li style=\"box-sizing: inherit; margin-top: 0.8rem; margin-bottom: 0.8rem; margin-left: 3.2rem; padding-left: 0.8rem; border: var(--artdeco-reset-base-border-zero); font-size: var(--artdeco-reset-base-font-size-hundred-percent); vertical-align: var(--artdeco-reset-base-vertical-align-baseline); background: var(--artdeco-reset-base-background-transparent); font-family: var(--artdeco-reset-typography-font-family-sans);\"><strong>Zarz\u0105dzanie zespo\u0142em marketingu<\/strong> \u2013 jak efektywnie kierowa\u0107 zespo\u0142em marketingu.<\/li>\n<li style=\"box-sizing: inherit; margin-top: 0.8rem; margin-bottom: 0.8rem; margin-left: 3.2rem; padding-left: 0.8rem; border: var(--artdeco-reset-base-border-zero); font-size: var(--artdeco-reset-base-font-size-hundred-percent); vertical-align: var(--artdeco-reset-base-vertical-align-baseline); background: var(--artdeco-reset-base-background-transparent); font-family: var(--artdeco-reset-typography-font-family-sans);\"><strong>Komercjalizacja innowacji <\/strong>\u2013 wprowadzanie innowacyjnych produkt\u00f3w na rynek.<\/li>\n<li style=\"box-sizing: inherit; margin-top: 0.8rem; margin-bottom: 0.8rem; margin-left: 3.2rem; padding-left: 0.8rem; border: var(--artdeco-reset-base-border-zero); font-size: var(--artdeco-reset-base-font-size-hundred-percent); vertical-align: var(--artdeco-reset-base-vertical-align-baseline); background: var(--artdeco-reset-base-background-transparent); font-family: var(--artdeco-reset-typography-font-family-sans);\"><strong>Marka osobista<\/strong> \u2013 jak zbudowa\u0107 siln\u0105 mark\u0119 osobist\u0105.<\/li>\n<li style=\"box-sizing: inherit; margin-top: 0.8rem; margin-bottom: 0.8rem; margin-left: 3.2rem; padding-left: 0.8rem; border: var(--artdeco-reset-base-border-zero); font-size: var(--artdeco-reset-base-font-size-hundred-percent); vertical-align: var(--artdeco-reset-base-vertical-align-baseline); background: var(--artdeco-reset-base-background-transparent); font-family: var(--artdeco-reset-typography-font-family-sans);\"><strong>Marketing-mix i social media <\/strong>\u2013 jak skomponowa\u0107 najlepszy zestaw dzia\u0142a\u0144.<\/li>\n<\/ul>\n<p style=\"box-sizing: inherit; margin: 1.6rem 2.4rem; padding: var(--artdeco-reset-base-padding-zero); border: var(--artdeco-reset-base-border-zero); font-size: 16px; vertical-align: var(--artdeco-reset-base-vertical-align-baseline); font-weight: 400; line-height: var(--line-height-open); color: rgba(0, 0, 0, 0.9); font-family: -apple-system, system-ui, 'system-ui', 'Segoe UI', Roboto, 'Helvetica Neue', 'Fira Sans', Ubuntu, Oxygen, 'Oxygen Sans', Cantarell, 'Droid Sans', 'Apple Color Emoji', 'Segoe UI Emoji', 'Segoe UI Emoji', 'Segoe UI Symbol', 'Lucida Grande', Helvetica, Arial, sans-serif; pointer-events: all; font-style: normal; font-variant-ligatures: normal; font-variant-caps: normal; text-indent: 0px;\">Je\u015bli masz inny specyficzny temat, wpisz go w uwagach.<\/p>\n<p style=\"box-sizing: inherit; margin: 1.6rem 2.4rem; padding: var(--artdeco-reset-base-padding-zero); border: var(--artdeco-reset-base-border-zero); font-size: 16px; vertical-align: var(--artdeco-reset-base-vertical-align-baseline); font-weight: 400; line-height: var(--line-height-open); color: rgba(0, 0, 0, 0.9); font-family: -apple-system, system-ui, 'system-ui', 'Segoe UI', Roboto, 'Helvetica Neue', 'Fira Sans', Ubuntu, Oxygen, 'Oxygen Sans', Cantarell, 'Droid Sans', 'Apple Color Emoji', 'Segoe UI Emoji', 'Segoe UI Emoji', 'Segoe UI Symbol', 'Lucida Grande', Helvetica, Arial, sans-serif; pointer-events: all; font-style: normal; font-variant-ligatures: normal; font-variant-caps: normal; text-indent: 0px;\">Ka\u017cda konsultacja ko\u0144czy si\u0119 pisemnym podsumowaniem z opini\u0105 eksperck\u0105. Wybierz dogodny termin i godzin\u0119, a po wype\u0142nieniu formularza skontaktuj\u0119 si\u0119 z Tob\u0105, by ustali\u0107 szczeg\u00f3\u0142y.<\/p>\n<p>\t\t\t<a href=\"https:\/\/bit.ly\/kotarbinskionline\"><br \/>\n\t\t\t\t\t\tZAREZERWUJ TERMIN KONSULTACJI<br \/>\n\t\t\t\t\t<\/a><\/p>\n<!-- AddThis Advanced Settings generic via filter on the_content --><!-- AddThis Share Buttons generic via filter on the_content -->","protected":false},"excerpt":{"rendered":"<p>Konsultacje online stanowi\u0105 wygodn\u0105 alternatyw\u0119 dla tradycyjnych spotka\u0144 twarz\u0105 w twarz, oferuj\u0105c szereg zalet, kt\u00f3re przemawiaj\u0105 za ich wyborem. Jednym [&hellip;]<!-- AddThis Advanced Settings generic via filter on get_the_excerpt --><!-- AddThis Share Buttons generic via filter on get_the_excerpt --><\/p>\n","protected":false},"author":1,"featured_media":0,"parent":0,"menu_order":0,"comment_status":"closed","ping_status":"closed","template":"","meta":{"om_disable_all_campaigns":false,"_exactmetrics_skip_tracking":false,"_exactmetrics_sitenote_active":false,"_exactmetrics_sitenote_note":"","_exactmetrics_sitenote_category":0,"_monsterinsights_skip_tracking":false,"_monsterinsights_sitenote_active":false,"_monsterinsights_sitenote_note":"","_monsterinsights_sitenote_category":0,"_uf_show_specific_survey":0,"_uf_disable_surveys":false,"site-sidebar-layout":"default","site-content-layout":"","ast-site-content-layout":"default","site-content-style":"default","site-sidebar-style":"default","ast-global-header-display":"","ast-banner-title-visibility":"","ast-main-header-display":"","ast-hfb-above-header-display":"","ast-hfb-below-header-display":"","ast-hfb-mobile-header-display":"","site-post-title":"","ast-breadcrumbs-content":"","ast-featured-img":"","footer-sml-layout":"","ast-disable-related-posts":"","theme-transparent-header-meta":"","adv-header-id-meta":"","stick-header-meta":"","header-above-stick-meta":"","header-main-stick-meta":"","header-below-stick-meta":"","astra-migrate-meta-layouts":"default","ast-page-background-enabled":"default","ast-page-background-meta":{"desktop":{"background-color":"var(--ast-global-color-5)","background-image":"","background-repeat":"repeat","background-position":"center center","background-size":"auto","background-attachment":"scroll","background-type":"","background-media":"","overlay-type":"","overlay-color":"","overlay-opacity":"","overlay-gradient":""},"tablet":{"background-color":"","background-image":"","background-repeat":"repeat","background-position":"center center","background-size":"auto","background-attachment":"scroll","background-type":"","background-media":"","overlay-type":"","overlay-color":"","overlay-opacity":"","overlay-gradient":""},"mobile":{"background-color":"","background-image":"","background-repeat":"repeat","background-position":"center center","background-size":"auto","background-attachment":"scroll","background-type":"","background-media":"","overlay-type":"","overlay-color":"","overlay-opacity":"","overlay-gradient":""}},"ast-content-background-meta":{"desktop":{"background-color":"var(--ast-global-color-4)","background-image":"","background-repeat":"repeat","background-position":"center center","background-size":"auto","background-attachment":"scroll","background-type":"","background-media":"","overlay-type":"","overlay-color":"","overlay-opacity":"","overlay-gradient":""},"tablet":{"background-color":"var(--ast-global-color-4)","background-image":"","background-repeat":"repeat","background-position":"center center","background-size":"auto","background-attachment":"scroll","background-type":"","background-media":"","overlay-type":"","overlay-color":"","overlay-opacity":"","overlay-gradient":""},"mobile":{"background-color":"var(--ast-global-color-4)","background-image":"","background-repeat":"repeat","background-position":"center center","background-size":"auto","background-attachment":"scroll","background-type":"","background-media":"","overlay-type":"","overlay-color":"","overlay-opacity":"","overlay-gradient":""}},"jetpack_post_was_ever_published":false,"footnotes":""},"class_list":["post-9355","page","type-page","status-publish","hentry"],"aioseo_notices":[],"jetpack_shortlink":"https:\/\/wp.me\/PaKYj5-2qT","jetpack_sharing_enabled":true,"_links":{"self":[{"href":"https:\/\/kotarbinski.com\/blogomarketingu\/wp-json\/wp\/v2\/pages\/9355","targetHints":{"allow":["GET"]}}],"collection":[{"href":"https:\/\/kotarbinski.com\/blogomarketingu\/wp-json\/wp\/v2\/pages"}],"about":[{"href":"https:\/\/kotarbinski.com\/blogomarketingu\/wp-json\/wp\/v2\/types\/page"}],"author":[{"embeddable":true,"href":"https:\/\/kotarbinski.com\/blogomarketingu\/wp-json\/wp\/v2\/users\/1"}],"replies":[{"embeddable":true,"href":"https:\/\/kotarbinski.com\/blogomarketingu\/wp-json\/wp\/v2\/comments?post=9355"}],"version-history":[{"count":31,"href":"https:\/\/kotarbinski.com\/blogomarketingu\/wp-json\/wp\/v2\/pages\/9355\/revisions"}],"predecessor-version":[{"id":10665,"href":"https:\/\/kotarbinski.com\/blogomarketingu\/wp-json\/wp\/v2\/pages\/9355\/revisions\/10665"}],"wp:attachment":[{"href":"https:\/\/kotarbinski.com\/blogomarketingu\/wp-json\/wp\/v2\/media?parent=9355"}],"curies":[{"name":"wp","href":"https:\/\/api.w.org\/{rel}","templated":true}]}}