{"id":9458,"date":"2024-03-17T03:11:20","date_gmt":"2024-03-17T03:11:20","guid":{"rendered":"https:\/\/kotarbinski.com\/blogomarketingu\/?page_id=9458"},"modified":"2024-03-17T03:56:42","modified_gmt":"2024-03-17T03:56:42","slug":"marka-5-0-czlowiek-i-technologie-jak-tworza-nowe-wartosci-jacek-kotarbinski-wydawnictwo-naukowe-pwn-warszawa-2023","status":"publish","type":"page","link":"https:\/\/kotarbinski.com\/blogomarketingu\/marka-5-0-czlowiek-i-technologie-jak-tworza-nowe-wartosci-jacek-kotarbinski-wydawnictwo-naukowe-pwn-warszawa-2023\/","title":{"rendered":"Marka 5.0. Cz\u0142owiek i technologie: jak tworz\u0105 nowe warto\u015bci? Jacek Kotarbi\u0144ski, Wydawnictwo Naukowe PWN, Warszawa, 2023."},"content":{"rendered":"<p><img decoding=\"async\" width=\"1019\" height=\"228\" src=\"https:\/\/kotarbinski.com\/blogomarketingu\/wp-content\/uploads\/2024\/03\/Zrzut-ekranu-2024-03-17-o-04.11.15-1024x229.png\" alt=\"\" loading=\"lazy\" srcset=\"https:\/\/kotarbinski.com\/blogomarketingu\/wp-content\/uploads\/2024\/03\/Zrzut-ekranu-2024-03-17-o-04.11.15-1024x229.png 1024w, https:\/\/kotarbinski.com\/blogomarketingu\/wp-content\/uploads\/2024\/03\/Zrzut-ekranu-2024-03-17-o-04.11.15-300x67.png 300w, https:\/\/kotarbinski.com\/blogomarketingu\/wp-content\/uploads\/2024\/03\/Zrzut-ekranu-2024-03-17-o-04.11.15-768x171.png 768w, https:\/\/kotarbinski.com\/blogomarketingu\/wp-content\/uploads\/2024\/03\/Zrzut-ekranu-2024-03-17-o-04.11.15-1536x343.png 1536w, https:\/\/kotarbinski.com\/blogomarketingu\/wp-content\/uploads\/2024\/03\/Zrzut-ekranu-2024-03-17-o-04.11.15-1300x290.png 1300w, https:\/\/kotarbinski.com\/blogomarketingu\/wp-content\/uploads\/2024\/03\/Zrzut-ekranu-2024-03-17-o-04.11.15.png 1864w\" sizes=\"auto, (max-width: 1019px) 100vw, 1019px\" \/><br \/>\n\t\t\t<a href=\"https:\/\/ksiegarnia.pwn.pl\/Marka-5.0,898656307,p.html\"><br \/>\n\t\t\t\t\t\tKup ksi\u0105\u017ck\u0119<br \/>\n\t\t\t\t\t<\/a><\/p>\n<figure><a href=\"https:\/\/ksiegarnia.pwn.pl\/Marka-5.0,898656307,p.html\"><img decoding=\"async\" width=\"700\" height=\"995\" src=\"https:\/\/kotarbinski.com\/blogomarketingu\/wp-content\/uploads\/2024\/03\/marka-5-0.webp\" alt=\"\" loading=\"lazy\" \/><\/a><\/figure>\n<h3><a href=\"https:\/\/ksiegarnia.pwn.pl\/Marka-5.0,898656307,p.html\">Jacek Kotarbi\u0144ski, Marka 5.0., PWN 2023 <\/a><\/h3>\n<p>Marka 5.0 to poj\u0119cie zdefiniowane przez dr in\u017c. Jacka Kotarbi\u0144skiego w ksi\u0105\u017cce \u201eMarka 5.0.&#8221;, kt\u00f3re opisuje now\u0105 er\u0119 w dziedzinie marketingu i brandingu, gdzie kluczow\u0105 rol\u0119 odgrywa zastosowanie technologii imituj\u0105cych ludzkie zachowanie w celu stworzenia, komunikowania, dostarczania i zwi\u0119kszania warto\u015bci do\u015bwiadczanej przez klienta na jego \u015bcie\u017cce zakupowej oraz warto\u015bci humanistycznych.. Podstaw\u0105 tej koncepcji jest wykorzystanie technologii nowej generacji, nazywanych #martech, kt\u00f3re \u0142\u0105cz\u0105 tradycyjne metody marketingu z zaawansowanymi rozwi\u0105zaniami technologicznymi. Podstawowym celem Marki 5.0 jest nie tylko wykorzystanie nowoczesnych technologii do maksymalizacji zysk\u00f3w, ale r\u00f3wnie\u017c budowanie trwa\u0142ych relacji z klientami, dostarczanie warto\u015bciowych produkt\u00f3w i us\u0142ug, kt\u00f3re odpowiadaj\u0105 na ich potrzeby i oczekiwania, a tak\u017ce dbanie o aspekty spo\u0142eczne i \u015brodowiskowe dzia\u0142alno\u015bci firmy.<\/p>\n<figure><img decoding=\"async\" width=\"1600\" height=\"1350\" src=\"https:\/\/kotarbinski.com\/blogomarketingu\/wp-content\/uploads\/2024\/03\/Philip_Kotler.jpeg\" alt=\"\" loading=\"lazy\" \/><\/figure>\n<h3>Marketing 5.0. prof. Philipa Kotlera<\/h3>\n<p>Marketing 5.0. , zdefiniowany przez prof. Philipa Kotlera, wykorzystuje sztuczn\u0105 inteligencj\u0119 (AI), uczenie maszynowe, analiz\u0119 du\u017cych zbior\u00f3w danych (big data), oraz inne zaawansowane narz\u0119dzia do personalizacji oferty i do\u015bwiadcze\u0144 klienta, przewidywania trend\u00f3w rynkowych i potrzeb konsument\u00f3w oraz optymalizacji proces\u00f3w komunikacji marketingowej. Na przyk\u0142ad, firmy takie jak PepsiCo korzystaj\u0105 z analizy rozm\u00f3w w mediach spo\u0142eczno\u015bciowych, by wypuszcza\u0107 na rynek nowe produkty, kt\u00f3re odpowiadaj\u0105 aktualnym trendom i preferencjom konsument\u00f3w. Sztuczna inteligencja jest tak\u017ce wykorzystywana do tworzenia skuteczniejszych kampanii reklamowych z minimalnym zaanga\u017cowaniem ludzkim, na przyk\u0142ad poprzez opracowanie slogan\u00f3w reklamowych czy nawet ca\u0142ych scenariuszy reklam\u200b\u200b.W praktyce, marketing 5.0 umo\u017cliwia tworzenie zaawansowanych mechanizm\u00f3w rekomendacji, kt\u00f3re pomagaj\u0105 e-sklepom i innym firmom cyfrowym, jak Amazon czy Netflix, wyr\u00f3\u017cni\u0107 si\u0119 na rynku poprzez dostarczanie klientom bardziej trafnych rekomendacji produkt\u00f3w i tre\u015bci. Technologia sensorowa i internet rzeczy (IoT) pozwalaj\u0105 detalistom replikowa\u0107 cyfrowe do\u015bwiadczenie w przestrzeni fizycznej, na przyk\u0142ad poprzez ekran w sklepie, kt\u00f3ry rozpoznaje dane demograficzne klienta i proponuje mu odpowiednie oferty promocyjne\u200b\u200b.<\/p>\n<figure><img decoding=\"async\" width=\"444\" height=\"444\" src=\"https:\/\/kotarbinski.com\/blogomarketingu\/wp-content\/uploads\/2024\/03\/jolanta-tkaczyk.jpeg\" alt=\"\" loading=\"lazy\" \/><\/figure>\n<h3>dr Jolanta Tkaczyk, Akademia Leona Ko\u017ami\u0144skiego<\/h3>\n<p>FRAGMENT RECENZJI NAUKOWEJ: Ksi\u0105\u017cka Jacka Kotarbi\u0144skiego pt. \u201eMarka 5.0\u201d nawi\u0105zuje w swojej wymowie i za\u0142o\u017ceniach do koncepcji Kotlera i Godina. Poniewa\u017c ksi\u0105\u017cka Kotlera \u201eMarketing 5.0\u201d ukaza\u0142a si\u0119 na rynku pod koniec marca bie\u017c\u0105cego roku, propozycja pana Kotarbi\u0144skiego wydaje si\u0119 doskona\u0142\u0105, bardzo aktualn\u0105 propozycj\u0105 dla czytelnik\u00f3w zainteresowanych tematyk\u0105 marketingu. Ksi\u0105\u017cka ma charakter praktycznego poradnika, ilustrowanego bogato przyk\u0142adami z praktyki, do\u015bwiadczeniami w\u0142asnymi i os\u00f3b zaprzyja\u017anionych, jak r\u00f3wnie\u017c wynikami bada\u0144 i opisami dzia\u0142a\u0144 przedsi\u0119biorstw, zaczerpni\u0119tych z publikacji specjalistycznych. <\/p>\n<p>\t\t\t<a href=\"https:\/\/kotarbinski.com\/blogomarketingu\/recenzja-naukowa-marka-5-0-dr-jolanta-tkaczyk-akademia-leona-kozminskiego-w-warszawie\/\"><br \/>\n\t\t\t\t\t\tPrzeczytaj ca\u0142o\u015b\u0107 recenzji<br \/>\n\t\t\t\t\t<\/a><\/p>\n<h2>Marka 5.0. <\/h2>\n<div class=\"ast-oembed-container \" style=\"height: 100%;\"><iframe loading=\"lazy\" title=\"Marka 5.0 - rozmowa z autorem ksi\u0105\u017cki Jackiem Kotarbi\u0144skim\" width=\"500\" height=\"281\" src=\"https:\/\/www.youtube.com\/embed\/8d_ApdPgrew?feature=oembed\" frameborder=\"0\" allow=\"accelerometer; autoplay; clipboard-write; encrypted-media; gyroscope; picture-in-picture; web-share\" referrerpolicy=\"strict-origin-when-cross-origin\" allowfullscreen><\/iframe><\/div>\n<div class=\"ast-oembed-container \" style=\"height: 100%;\"><iframe loading=\"lazy\" title=\"Jacek Kotarbi\u0144ski o swojej ksi\u0105\u017cce \u201eMarka 5.0\u201d\" width=\"500\" height=\"281\" src=\"https:\/\/www.youtube.com\/embed\/isVVLzitCXs?feature=oembed\" frameborder=\"0\" allow=\"accelerometer; autoplay; clipboard-write; encrypted-media; gyroscope; picture-in-picture; web-share\" referrerpolicy=\"strict-origin-when-cross-origin\" allowfullscreen><\/iframe><\/div>\n<div class=\"ast-oembed-container \" style=\"height: 100%;\"><iframe loading=\"lazy\" title=\"Oto &quot;Marka 5.0&quot;!\" width=\"500\" height=\"281\" src=\"https:\/\/www.youtube.com\/embed\/oAK9UijeDvA?feature=oembed\" frameborder=\"0\" allow=\"accelerometer; autoplay; clipboard-write; encrypted-media; gyroscope; picture-in-picture; web-share\" referrerpolicy=\"strict-origin-when-cross-origin\" allowfullscreen><\/iframe><\/div>\n<p>\t\t\t<a href=\"https:\/\/ksiegarnia.pwn.pl\/Marka-5.0,898656307,p.html\"><br \/>\n\t\t\t\t\t\tKup ksi\u0105\u017ck\u0119<br \/>\n\t\t\t\t\t<\/a><br \/>\n\t\t\t\t\t\t\t\t\t\t\t\t<img decoding=\"async\" width=\"1019\" height=\"228\" src=\"https:\/\/kotarbinski.com\/blogomarketingu\/wp-content\/uploads\/2024\/03\/Zrzut-ekranu-2024-03-17-o-04.11.15-1024x229.png\" alt=\"\" loading=\"lazy\" srcset=\"https:\/\/kotarbinski.com\/blogomarketingu\/wp-content\/uploads\/2024\/03\/Zrzut-ekranu-2024-03-17-o-04.11.15-1024x229.png 1024w, https:\/\/kotarbinski.com\/blogomarketingu\/wp-content\/uploads\/2024\/03\/Zrzut-ekranu-2024-03-17-o-04.11.15-300x67.png 300w, https:\/\/kotarbinski.com\/blogomarketingu\/wp-content\/uploads\/2024\/03\/Zrzut-ekranu-2024-03-17-o-04.11.15-768x171.png 768w, https:\/\/kotarbinski.com\/blogomarketingu\/wp-content\/uploads\/2024\/03\/Zrzut-ekranu-2024-03-17-o-04.11.15-1536x343.png 1536w, https:\/\/kotarbinski.com\/blogomarketingu\/wp-content\/uploads\/2024\/03\/Zrzut-ekranu-2024-03-17-o-04.11.15-1300x290.png 1300w, https:\/\/kotarbinski.com\/blogomarketingu\/wp-content\/uploads\/2024\/03\/Zrzut-ekranu-2024-03-17-o-04.11.15.png 1864w\" sizes=\"auto, (max-width: 1019px) 100vw, 1019px\" \/><\/p>\n<!-- AddThis Advanced Settings generic via filter on the_content --><!-- AddThis Share Buttons generic via filter on the_content -->","protected":false},"excerpt":{"rendered":"<p>Kup ksi\u0105\u017ck\u0119 Jacek Kotarbi\u0144ski, Marka 5.0., PWN 2023 Marka 5.0 to poj\u0119cie zdefiniowane przez dr in\u017c. Jacka Kotarbi\u0144skiego w ksi\u0105\u017cce [&hellip;]<!-- AddThis Advanced Settings generic via filter on get_the_excerpt --><!-- AddThis Share Buttons generic via filter on get_the_excerpt --><\/p>\n","protected":false},"author":1,"featured_media":0,"parent":0,"menu_order":0,"comment_status":"closed","ping_status":"closed","template":"","meta":{"om_disable_all_campaigns":false,"_exactmetrics_skip_tracking":false,"_exactmetrics_sitenote_active":false,"_exactmetrics_sitenote_note":"","_exactmetrics_sitenote_category":0,"_monsterinsights_skip_tracking":false,"_monsterinsights_sitenote_active":false,"_monsterinsights_sitenote_note":"","_monsterinsights_sitenote_category":0,"_uf_show_specific_survey":0,"_uf_disable_surveys":false,"site-sidebar-layout":"default","site-content-layout":"","ast-site-content-layout":"default","site-content-style":"default","site-sidebar-style":"default","ast-global-header-display":"","ast-banner-title-visibility":"","ast-main-header-display":"","ast-hfb-above-header-display":"","ast-hfb-below-header-display":"","ast-hfb-mobile-header-display":"","site-post-title":"","ast-breadcrumbs-content":"","ast-featured-img":"","footer-sml-layout":"","ast-disable-related-posts":"","theme-transparent-header-meta":"","adv-header-id-meta":"","stick-header-meta":"","header-above-stick-meta":"","header-main-stick-meta":"","header-below-stick-meta":"","astra-migrate-meta-layouts":"default","ast-page-background-enabled":"default","ast-page-background-meta":{"desktop":{"background-color":"var(--ast-global-color-5)","background-image":"","background-repeat":"repeat","background-position":"center center","background-size":"auto","background-attachment":"scroll","background-type":"","background-media":"","overlay-type":"","overlay-color":"","overlay-opacity":"","overlay-gradient":""},"tablet":{"background-color":"","background-image":"","background-repeat":"repeat","background-position":"center center","background-size":"auto","background-attachment":"scroll","background-type":"","background-media":"","overlay-type":"","overlay-color":"","overlay-opacity":"","overlay-gradient":""},"mobile":{"background-color":"","background-image":"","background-repeat":"repeat","background-position":"center center","background-size":"auto","background-attachment":"scroll","background-type":"","background-media":"","overlay-type":"","overlay-color":"","overlay-opacity":"","overlay-gradient":""}},"ast-content-background-meta":{"desktop":{"background-color":"var(--ast-global-color-4)","background-image":"","background-repeat":"repeat","background-position":"center center","background-size":"auto","background-attachment":"scroll","background-type":"","background-media":"","overlay-type":"","overlay-color":"","overlay-opacity":"","overlay-gradient":""},"tablet":{"background-color":"var(--ast-global-color-4)","background-image":"","background-repeat":"repeat","background-position":"center center","background-size":"auto","background-attachment":"scroll","background-type":"","background-media":"","overlay-type":"","overlay-color":"","overlay-opacity":"","overlay-gradient":""},"mobile":{"background-color":"var(--ast-global-color-4)","background-image":"","background-repeat":"repeat","background-position":"center center","background-size":"auto","background-attachment":"scroll","background-type":"","background-media":"","overlay-type":"","overlay-color":"","overlay-opacity":"","overlay-gradient":""}},"jetpack_post_was_ever_published":false,"footnotes":""},"class_list":["post-9458","page","type-page","status-publish","hentry"],"aioseo_notices":[],"jetpack_shortlink":"https:\/\/wp.me\/PaKYj5-2sy","jetpack_sharing_enabled":true,"_links":{"self":[{"href":"https:\/\/kotarbinski.com\/blogomarketingu\/wp-json\/wp\/v2\/pages\/9458","targetHints":{"allow":["GET"]}}],"collection":[{"href":"https:\/\/kotarbinski.com\/blogomarketingu\/wp-json\/wp\/v2\/pages"}],"about":[{"href":"https:\/\/kotarbinski.com\/blogomarketingu\/wp-json\/wp\/v2\/types\/page"}],"author":[{"embeddable":true,"href":"https:\/\/kotarbinski.com\/blogomarketingu\/wp-json\/wp\/v2\/users\/1"}],"replies":[{"embeddable":true,"href":"https:\/\/kotarbinski.com\/blogomarketingu\/wp-json\/wp\/v2\/comments?post=9458"}],"version-history":[{"count":51,"href":"https:\/\/kotarbinski.com\/blogomarketingu\/wp-json\/wp\/v2\/pages\/9458\/revisions"}],"predecessor-version":[{"id":9514,"href":"https:\/\/kotarbinski.com\/blogomarketingu\/wp-json\/wp\/v2\/pages\/9458\/revisions\/9514"}],"wp:attachment":[{"href":"https:\/\/kotarbinski.com\/blogomarketingu\/wp-json\/wp\/v2\/media?parent=9458"}],"curies":[{"name":"wp","href":"https:\/\/api.w.org\/{rel}","templated":true}]}}