{"id":9816,"date":"2024-03-17T10:12:03","date_gmt":"2024-03-17T10:12:03","guid":{"rendered":"https:\/\/kotarbinski.com\/blogomarketingu\/?page_id=9816"},"modified":"2024-03-17T10:25:43","modified_gmt":"2024-03-17T10:25:43","slug":"warsztaty-biznesowe-offline","status":"publish","type":"page","link":"https:\/\/kotarbinski.com\/blogomarketingu\/warsztaty-biznesowe-offline\/","title":{"rendered":"WARSZTATY BIZNESOWE [OFFLINE]"},"content":{"rendered":"<p><a href=\"https:\/\/kotarbinski.com\/blogomarketingu\/kontakt\/\"><br \/>\n\t\t\t\t\t\tZapytaj o warsztaty biznesowe OFFLINE<br \/>\n\t\t\t\t\t<\/a><\/p>\n<p>Warsztaty biznesowe offline mog\u0105 by\u0107 zorganizowane w dowolnym miejscu na \u015bwiecie. Mog\u0105 stanowi\u0107 integralny projekt realizowany na terenie firmy lub w wybranym przez ni\u0105 miejscu. Mog\u0105 r\u00f3wnie\u017c stanowi\u0107 element organizowanego przez firm\u0119 wydarzenia np. spotka\u0144 i szkole\u0144 firmowych, konferencji, wydarze\u0144 biznesowych. Wiele marek wybiera t\u0119 formu\u0142\u0119 edukacji dla partner\u00f3w biznesowych, dostawc\u00f3w, franchisodawc\u00f3w czy klient\u00f3w.\u00a0 <\/p>\n<h2>Kto jest uczestnikiem warsztat\u00f3w biznesowych?<\/h2>\n<ul>\n<li style=\"font-weight: 400;\" aria-level=\"1\">cz\u0142onkowie zarz\u0105d\u00f3w i Rad Nadzorczych<\/li>\n<li style=\"font-weight: 400;\" aria-level=\"1\">kadra kierownicza marketingu, sprzeda\u017cy, rozwoju<\/li>\n<li style=\"font-weight: 400;\" aria-level=\"1\">zespo\u0142y marketingu<\/li>\n<li style=\"font-weight: 400;\" aria-level=\"1\">zespo\u0142y marketingu i sprzeda\u017cy<\/li>\n<li style=\"font-weight: 400;\" aria-level=\"1\">zespo\u0142y sprzeda\u017cy<\/li>\n<li style=\"font-weight: 400;\" aria-level=\"1\">franchisodawcy\u00a0<\/li>\n<li style=\"font-weight: 400;\" aria-level=\"1\">niezale\u017cni partnerzy handlowi (dystrybutorzy)<\/li>\n<\/ul>\n<p>Od 1990 roku zrealizowali\u015bmy setki projekt\u00f3w warsztat\u00f3w wewn\u0119trznych (in-company). Podstawow\u0105 warto\u015bci\u0105, jak\u0105 oferujemy jest daleko posuni\u0119ty pragmatyzm i nastawienie na konkretne rozwi\u0105zywanie problem\u00f3w. Warto pami\u0119ta\u0107, \u017ce marketing jest umiej\u0119tno\u015bci\u0105 szerokiego my\u015blenia o spektrum firmy, warto\u015bciach, jakie mo\u017cna zaoferowa\u0107 klientowi i ich komercjalizacji. Od uczestnik\u00f3w warsztat\u00f3w oczekujemy zaanga\u017cowania, tw\u00f3rczego podej\u015bcia do pracy oraz wdra\u017cania wypracowanych rozwi\u0105za\u0144 w firmie. <\/p>\n<p>Warsztaty biznesowe jako element wydarzenia czy konferencji organizowanej przez firm\u0119, s\u0105 warto\u015bciow\u0105 form\u0105 edukacji dostawc\u00f3w, partner\u00f3w biznesowych czy potencjalnych lub istniej\u0105cych klient\u00f3w. To cenne do\u015bwiadczenie szczeg\u00f3lnie dla sektora business-to-business, w kt\u00f3rym model biznesowy koncentruje si\u0119 na wsp\u00f3\u0142pracy r\u00f3\u017cnorodnych partner\u00f3w gospodarczych. Warsztaty po\u0142\u0105czone z elementami motywacyjnymi, wskazaniem innowacyjnych metod dzia\u0142ania na rynku, s\u0105 zawsze istotn\u0105 warto\u015bci\u0105. <\/p>\n<p>Tematyka warsztat\u00f3w mo\u017ce by\u0107 bardzo zr\u00f3\u017cnicowana i zale\u017cna od marki, jej sytuacji rynkowej czy wyzwa\u0144, jakie podejmuje. Dlatego nie posiadamy gotowej listy program\u00f3w &#8211; ka\u017cdy z nich projektowany jest bezpo\u015brednio, \u201eszyty na miar\u0119\u201d oczekiwa\u0144 klienta.\u00a0Warsztaty in-company poprzedzone s\u0105 ka\u017cdorazowo kr\u00f3tkim kwestionariuszem badawczym, kt\u00f3rego celem jest zebranie informacji od uczestnik\u00f3w zaj\u0119\u0107.<\/p>\n<p>Warsztaty in-company poprzedzone s\u0105 ka\u017cdorazowo kr\u00f3tkim kwestionariuszem badawczym, kt\u00f3rego celem jest zebranie informacji od uczestnik\u00f3w zaj\u0119\u0107. <\/p>\n<ul>\n<li style=\"font-weight: 400;\" aria-level=\"1\">Warsztaty in-company, offline mog\u0105 by\u0107 w praktyce przeprowadzone w dowolnym miejscu na \u015bwiecie, w zale\u017cno\u015bci od konwencji organizowanego wydarzenia.\u00a0<\/li>\n<li style=\"font-weight: 400;\" aria-level=\"1\">Aspekty organizacyjne warsztat\u00f3w zwi\u0105zane z podr\u00f3\u017cami, sal\u0105, noclegami, wyposa\u017ceniem technicznym itp. le\u017c\u0105 po stronie klienta.\u00a0<\/li>\n<li style=\"font-weight: 400;\" aria-level=\"1\">Podstaw\u0105 realizacji warsztat\u00f3w jest zawarta umowa o dzie\u0142o.\u00a0<\/li>\n<li style=\"font-weight: 400;\" aria-level=\"1\">W przypadku zainteresowania realizacj\u0105 warsztat\u00f3w in-company, zapraszamy do kontaktu. <\/li>\n<\/ul>\n<p>\t\t\t<a href=\"https:\/\/kotarbinski.com\/blogomarketingu\/kontakt\/\"><br \/>\n\t\t\t\t\t\tZapytaj o warsztaty biznesowe OFFLINE<br \/>\n\t\t\t\t\t<\/a><\/p>\n<!-- AddThis Advanced Settings generic via filter on the_content --><!-- AddThis Share Buttons generic via filter on the_content -->","protected":false},"excerpt":{"rendered":"<p>Zapytaj o warsztaty biznesowe OFFLINE Warsztaty biznesowe offline mog\u0105 by\u0107 zorganizowane w dowolnym miejscu na \u015bwiecie. Mog\u0105 stanowi\u0107 integralny projekt [&hellip;]<!-- AddThis Advanced Settings generic via filter on get_the_excerpt --><!-- AddThis Share Buttons generic via filter on get_the_excerpt --><\/p>\n","protected":false},"author":1,"featured_media":0,"parent":0,"menu_order":0,"comment_status":"closed","ping_status":"closed","template":"","meta":{"om_disable_all_campaigns":false,"_exactmetrics_skip_tracking":false,"_exactmetrics_sitenote_active":false,"_exactmetrics_sitenote_note":"","_exactmetrics_sitenote_category":0,"_monsterinsights_skip_tracking":false,"_monsterinsights_sitenote_active":false,"_monsterinsights_sitenote_note":"","_monsterinsights_sitenote_category":0,"_uf_show_specific_survey":0,"_uf_disable_surveys":false,"site-sidebar-layout":"default","site-content-layout":"","ast-site-content-layout":"default","site-content-style":"default","site-sidebar-style":"default","ast-global-header-display":"","ast-banner-title-visibility":"","ast-main-header-display":"","ast-hfb-above-header-display":"","ast-hfb-below-header-display":"","ast-hfb-mobile-header-display":"","site-post-title":"","ast-breadcrumbs-content":"","ast-featured-img":"","footer-sml-layout":"","ast-disable-related-posts":"","theme-transparent-header-meta":"","adv-header-id-meta":"","stick-header-meta":"","header-above-stick-meta":"","header-main-stick-meta":"","header-below-stick-meta":"","astra-migrate-meta-layouts":"default","ast-page-background-enabled":"default","ast-page-background-meta":{"desktop":{"background-color":"var(--ast-global-color-5)","background-image":"","background-repeat":"repeat","background-position":"center center","background-size":"auto","background-attachment":"scroll","background-type":"","background-media":"","overlay-type":"","overlay-color":"","overlay-opacity":"","overlay-gradient":""},"tablet":{"background-color":"","background-image":"","background-repeat":"repeat","background-position":"center center","background-size":"auto","background-attachment":"scroll","background-type":"","background-media":"","overlay-type":"","overlay-color":"","overlay-opacity":"","overlay-gradient":""},"mobile":{"background-color":"","background-image":"","background-repeat":"repeat","background-position":"center center","background-size":"auto","background-attachment":"scroll","background-type":"","background-media":"","overlay-type":"","overlay-color":"","overlay-opacity":"","overlay-gradient":""}},"ast-content-background-meta":{"desktop":{"background-color":"var(--ast-global-color-4)","background-image":"","background-repeat":"repeat","background-position":"center center","background-size":"auto","background-attachment":"scroll","background-type":"","background-media":"","overlay-type":"","overlay-color":"","overlay-opacity":"","overlay-gradient":""},"tablet":{"background-color":"var(--ast-global-color-4)","background-image":"","background-repeat":"repeat","background-position":"center center","background-size":"auto","background-attachment":"scroll","background-type":"","background-media":"","overlay-type":"","overlay-color":"","overlay-opacity":"","overlay-gradient":""},"mobile":{"background-color":"var(--ast-global-color-4)","background-image":"","background-repeat":"repeat","background-position":"center center","background-size":"auto","background-attachment":"scroll","background-type":"","background-media":"","overlay-type":"","overlay-color":"","overlay-opacity":"","overlay-gradient":""}},"jetpack_post_was_ever_published":false,"footnotes":""},"class_list":["post-9816","page","type-page","status-publish","hentry"],"aioseo_notices":[],"jetpack_shortlink":"https:\/\/wp.me\/PaKYj5-2yk","jetpack_sharing_enabled":true,"_links":{"self":[{"href":"https:\/\/kotarbinski.com\/blogomarketingu\/wp-json\/wp\/v2\/pages\/9816","targetHints":{"allow":["GET"]}}],"collection":[{"href":"https:\/\/kotarbinski.com\/blogomarketingu\/wp-json\/wp\/v2\/pages"}],"about":[{"href":"https:\/\/kotarbinski.com\/blogomarketingu\/wp-json\/wp\/v2\/types\/page"}],"author":[{"embeddable":true,"href":"https:\/\/kotarbinski.com\/blogomarketingu\/wp-json\/wp\/v2\/users\/1"}],"replies":[{"embeddable":true,"href":"https:\/\/kotarbinski.com\/blogomarketingu\/wp-json\/wp\/v2\/comments?post=9816"}],"version-history":[{"count":19,"href":"https:\/\/kotarbinski.com\/blogomarketingu\/wp-json\/wp\/v2\/pages\/9816\/revisions"}],"predecessor-version":[{"id":9836,"href":"https:\/\/kotarbinski.com\/blogomarketingu\/wp-json\/wp\/v2\/pages\/9816\/revisions\/9836"}],"wp:attachment":[{"href":"https:\/\/kotarbinski.com\/blogomarketingu\/wp-json\/wp\/v2\/media?parent=9816"}],"curies":[{"name":"wp","href":"https:\/\/api.w.org\/{rel}","templated":true}]}}