{"id":9840,"date":"2024-03-17T10:30:40","date_gmt":"2024-03-17T10:30:40","guid":{"rendered":"https:\/\/kotarbinski.com\/blogomarketingu\/?page_id=9840"},"modified":"2024-03-17T11:18:01","modified_gmt":"2024-03-17T11:18:01","slug":"warsztaty-biznesowe-offline-2","status":"publish","type":"page","link":"https:\/\/kotarbinski.com\/blogomarketingu\/warsztaty-biznesowe-offline-2\/","title":{"rendered":"WARSZTATY BIZNESOWE [ONLINE]"},"content":{"rendered":"<p><a href=\"https:\/\/kotarbinski.com\/blogomarketingu\/kontakt\/\"><br \/>\n\t\t\t\t\t\tKontakt w sprawie warsztat\u00f3w ONLINE<br \/>\n\t\t\t\t\t<\/a><\/p>\n<p>Warsztaty online to inwestycja w rozw\u00f3j Twojej firmy oraz zespo\u0142u marketingu i sprzeda\u017cy. Forma nauki online stanowi doskona\u0142e narz\u0119dzie do rozwijania umiej\u0119tno\u015bci, wymiany do\u015bwiadcze\u0144 oraz praktycznego podej\u015bcia do rozwi\u0105zywania problem\u00f3w biznesowych. Zaj\u0119cia online zdobywaj\u0105 coraz wi\u0119ksz\u0105 popularno\u015b\u0107, oferuj\u0105c szereg zalet zar\u00f3wno dla uczestnik\u00f3w, jak i organizator\u00f3w. <\/p>\n<h2>Formu\u0142y zaj\u0119\u0107 online<\/h2>\n<ul>\n<li style=\"font-weight: 400;\" aria-level=\"1\">jednodniowe warsztaty<\/li>\n<li style=\"font-weight: 400;\" aria-level=\"1\">cykl warsztat\u00f3w z ustalonym harmonogramem<\/li>\n<li style=\"font-weight: 400;\" aria-level=\"1\">formu\u0142a Akademii (uczestnicy realizuj\u0105 punktowane zadania, kt\u00f3re s\u0105 oceniane oraz pisz\u0105 test ko\u0144cowy lub zdaj\u0105 egzamin ustny)<\/li>\n<\/ul>\n<h2>Kto jest uczestnikiem warsztat\u00f3w biznesowych online?<\/h2>\n<ul>\n<li style=\"font-weight: 400;\" aria-level=\"1\">kadra kierownicza marketingu, sprzeda\u017cy, rozwoju<\/li>\n<li style=\"font-weight: 400;\" aria-level=\"1\">zespo\u0142y marketingu<\/li>\n<li style=\"font-weight: 400;\" aria-level=\"1\">zespo\u0142y marketingu i sprzeda\u017cy<\/li>\n<li style=\"font-weight: 400;\" aria-level=\"1\">zespo\u0142y sprzeda\u017cy<\/li>\n<li style=\"font-weight: 400;\" aria-level=\"1\">franchisodawcy\u00a0<\/li>\n<li style=\"font-weight: 400;\" aria-level=\"1\">niezale\u017cni partnerzy handlowi (dystrybutorzy)<\/li>\n<\/ul>\n<h2>Platforma zaj\u0119\u0107 online<\/h2>\n<p>W ramach warsztat\u00f3w online wykorzystywana jest platforma Microsoft Teams, zapewniaj\u0105ca bezpiecze\u0144stwo po\u0142\u0105czenia, mo\u017cliwo\u015b\u0107 pracy w pokojach (grupach) zadaniowych, przekazywanie materia\u0142\u00f3w online, realizacj\u0119 zada\u0144 testowych czy zarz\u0105dzanie grup\u0105 uczestnik\u00f3w. <\/p>\n<h2>Kluczowe walory warsztat\u00f3w online:<\/h2>\n<ul>\n<li style=\"font-weight: 400;\" aria-level=\"1\">Dost\u0119pno\u015b\u0107 i wygoda. Uczestnicy mog\u0105 do\u0142\u0105czy\u0107 do szkole\u0144 z dowolnego miejsca na \u015bwiecie, pod warunkiem \u017ce maj\u0105 dost\u0119p do internetu. Nie musz\u0105 podr\u00f3\u017cowa\u0107 ani zmienia\u0107 swoich codziennych plan\u00f3w, co jest szczeg\u00f3lnie wa\u017cne dla os\u00f3b z obci\u0105\u017conym grafikiem.<\/li>\n<li style=\"font-weight: 400;\" aria-level=\"1\">Elastyczno\u015b\u0107 czasowa. Formu\u0142a online umo\u017cliwia dost\u0119p do materia\u0142\u00f3w na \u017c\u0105danie, co pozwala uczestnikom przyswaja\u0107 wiedz\u0119 w dogodnym dla siebie tempie i czasie.<\/li>\n<li style=\"font-weight: 400;\" aria-level=\"1\">Zmniejszenie koszt\u00f3w. Warsztaty online eliminuj\u0105 potrzeb\u0119 wynajmu przestrzeni szkoleniowej, pokrywania koszt\u00f3w dojazdu czy zakwaterowania dla uczestnik\u00f3w i prowadz\u0105cych, co czyni je bardziej efektywnymi.<\/li>\n<li style=\"font-weight: 400;\" aria-level=\"1\">Interaktywne metody nauczania. Warsztaty online wykorzystuj\u0105 zaawansowane narz\u0119dzia i technologie edukacyjne, takie jak symulacje, gry, fora dyskusyjne urozmaica proces doskonalenia i zwi\u0119ksza zaanga\u017cowanie uczestnik\u00f3w.<\/li>\n<li style=\"font-weight: 400;\" aria-level=\"1\">\u015aledzenie post\u0119p\u00f3w i wynik\u00f3w. Zaj\u0119cia online posiadaj\u0105 narz\u0119dzia do monitorowania post\u0119p\u00f3w i oceny wynik\u00f3w uczestnik\u00f3w, co mo\u017ce pom\u00f3c w identyfikacji obszar\u00f3w wymagaj\u0105cych dodatkowej pracy.<\/li>\n<li style=\"font-weight: 400;\" aria-level=\"1\">\u0141atwo\u015b\u0107 dost\u0119pu do materia\u0142\u00f3w. Uczestnicy zaj\u0119\u0107 online maj\u0105 dost\u0119p do materia\u0142\u00f3w szkoleniowych, takich jak wyk\u0142ady wideo, artyku\u0142y, prezentacje i quizy, kt\u00f3re mog\u0105 przegl\u0105da\u0107 wielokrotnie, w celu utrwalenia wiedzy.<\/li>\n<li style=\"font-weight: 400;\" aria-level=\"1\">Wsp\u00f3\u0142praca. Chocia\u017c\u00a0 warsztaty online odbywaj\u0105 si\u0119 w przestrzeni wirtualnej, cz\u0119sto oferuj\u0105 mo\u017cliwo\u015bci sieciowania i wsp\u00f3\u0142pracy z innymi uczestnikami poprzez fora dyskusyjne, projekty grupowe, co mo\u017ce prowadzi\u0107 do tworzenia warto\u015bciowych relacji zawodowych.<\/li>\n<\/ul>\n<p>\t\t\t<a href=\"https:\/\/kotarbinski.com\/blogomarketingu\/kontakt\/\"><br \/>\n\t\t\t\t\t\tKontakt w sprawie warsztat\u00f3w ONLINE<br \/>\n\t\t\t\t\t<\/a><\/p>\n<h2>Dlaczego warto wybra\u0107 nasze warsztaty?<\/h2>\n<ul>\n<li style=\"font-weight: 400;\" aria-level=\"1\">Dostosowanie do potrzeb. Ka\u017cdy warsztat jest projektowany indywidualnie, \u201eszyty na miar\u0119\u201d oczekiwa\u0144 klienta, co gwarantuje maksymaln\u0105 skuteczno\u015b\u0107 i dopasowanie do specyfiki firmy.<\/li>\n<li style=\"font-weight: 400;\" aria-level=\"1\">Pragmatyzm i konkretne rozwi\u0105zania. Warsztaty skupiaj\u0105 si\u0119 na pragmatycznym podej\u015bciu i realnych rozwi\u0105zaniach, kt\u00f3re mo\u017cesz natychmiast wdro\u017cy\u0107 w swojej firmie.<\/li>\n<li style=\"font-weight: 400;\" aria-level=\"1\">Rozw\u00f3j kompetencji marketingowych. Nauczysz si\u0119 my\u015ble\u0107 szeroko o spektrum Twojej firmy, warto\u015bciach, kt\u00f3re mo\u017cesz zaoferowa\u0107 klientom, oraz ich komercjalizacji.<\/li>\n<li style=\"font-weight: 400;\" aria-level=\"1\">Anga\u017cuj\u0105ce metody pracy. Oczekujemy od uczestnik\u00f3w zaanga\u017cowania i tw\u00f3rczego podej\u015bcia, co przek\u0142ada si\u0119 na efektywno\u015b\u0107 warsztat\u00f3w i poziom przyswajanej wiedzy.<\/li>\n<\/ul>\n<h2>Tematyka warsztat\u00f3w<\/h2>\n<p>Zaj\u0119cia mog\u0105 obejmowa\u0107 szeroki zakres temat\u00f3w, wszystko zale\u017cy od Twoich potrzeb i wyzwa\u0144, przed kt\u00f3rymi stoi Twoja marka. Dzi\u0119ki temu, uczestnictwo w zaj\u0119ciach to zawsze unikatowe i dostosowane do potrzeb do\u015bwiadczenie.<\/p>\n<h2>Jak si\u0119 przygotowa\u0107?<\/h2>\n<p>Przed warsztatami przeprowadzamy kr\u00f3tki kwestionariusz badawczy, aby lepiej zrozumie\u0107 potrzeby i oczekiwania uczestnik\u00f3w. Dzi\u0119ki temu mo\u017cna lepiej dostosowa\u0107 program do Twoich cel\u00f3w.<\/p>\n<h2>Warsztaty biznesowe szyte na miar\u0119<\/h2>\n<p>Ka\u017cdy z projekt\u00f3w warsztatowych przygotowywany jest indywidualnie, na podstawie przeprowadzonego researchu i jawnych \u017ar\u00f3d\u0142a danych, w tym informacje przekazane przez AI i zweryfikowane. Zakres informacji mo\u017ce by\u0107 poszerzony o dane wewn\u0119trzne firmy, po podpisaniu umowy o zachowaniu poufno\u015bci (NDA).\u00a0 <\/p>\n<p>\t\t\t<a href=\"https:\/\/kotarbinski.com\/blogomarketingu\/kontakt\/\"><br \/>\n\t\t\t\t\t\tKontakt w sprawie warsztat\u00f3w ONLINE<br \/>\n\t\t\t\t\t<\/a><\/p>\n<!-- AddThis Advanced Settings generic via filter on the_content --><!-- AddThis Share Buttons generic via filter on the_content -->","protected":false},"excerpt":{"rendered":"<p>Kontakt w sprawie warsztat\u00f3w ONLINE Warsztaty online to inwestycja w rozw\u00f3j Twojej firmy oraz zespo\u0142u marketingu i sprzeda\u017cy. Forma nauki [&hellip;]<!-- AddThis Advanced Settings generic via filter on get_the_excerpt --><!-- AddThis Share Buttons generic via filter on get_the_excerpt --><\/p>\n","protected":false},"author":1,"featured_media":0,"parent":0,"menu_order":0,"comment_status":"closed","ping_status":"closed","template":"","meta":{"om_disable_all_campaigns":false,"_exactmetrics_skip_tracking":false,"_exactmetrics_sitenote_active":false,"_exactmetrics_sitenote_note":"","_exactmetrics_sitenote_category":0,"_monsterinsights_skip_tracking":false,"_monsterinsights_sitenote_active":false,"_monsterinsights_sitenote_note":"","_monsterinsights_sitenote_category":0,"_uf_show_specific_survey":0,"_uf_disable_surveys":false,"site-sidebar-layout":"default","site-content-layout":"","ast-site-content-layout":"default","site-content-style":"default","site-sidebar-style":"default","ast-global-header-display":"","ast-banner-title-visibility":"","ast-main-header-display":"","ast-hfb-above-header-display":"","ast-hfb-below-header-display":"","ast-hfb-mobile-header-display":"","site-post-title":"","ast-breadcrumbs-content":"","ast-featured-img":"","footer-sml-layout":"","ast-disable-related-posts":"","theme-transparent-header-meta":"","adv-header-id-meta":"","stick-header-meta":"","header-above-stick-meta":"","header-main-stick-meta":"","header-below-stick-meta":"","astra-migrate-meta-layouts":"default","ast-page-background-enabled":"default","ast-page-background-meta":{"desktop":{"background-color":"var(--ast-global-color-5)","background-image":"","background-repeat":"repeat","background-position":"center center","background-size":"auto","background-attachment":"scroll","background-type":"","background-media":"","overlay-type":"","overlay-color":"","overlay-opacity":"","overlay-gradient":""},"tablet":{"background-color":"","background-image":"","background-repeat":"repeat","background-position":"center center","background-size":"auto","background-attachment":"scroll","background-type":"","background-media":"","overlay-type":"","overlay-color":"","overlay-opacity":"","overlay-gradient":""},"mobile":{"background-color":"","background-image":"","background-repeat":"repeat","background-position":"center center","background-size":"auto","background-attachment":"scroll","background-type":"","background-media":"","overlay-type":"","overlay-color":"","overlay-opacity":"","overlay-gradient":""}},"ast-content-background-meta":{"desktop":{"background-color":"var(--ast-global-color-4)","background-image":"","background-repeat":"repeat","background-position":"center center","background-size":"auto","background-attachment":"scroll","background-type":"","background-media":"","overlay-type":"","overlay-color":"","overlay-opacity":"","overlay-gradient":""},"tablet":{"background-color":"var(--ast-global-color-4)","background-image":"","background-repeat":"repeat","background-position":"center center","background-size":"auto","background-attachment":"scroll","background-type":"","background-media":"","overlay-type":"","overlay-color":"","overlay-opacity":"","overlay-gradient":""},"mobile":{"background-color":"var(--ast-global-color-4)","background-image":"","background-repeat":"repeat","background-position":"center center","background-size":"auto","background-attachment":"scroll","background-type":"","background-media":"","overlay-type":"","overlay-color":"","overlay-opacity":"","overlay-gradient":""}},"jetpack_post_was_ever_published":false,"footnotes":""},"class_list":["post-9840","page","type-page","status-publish","hentry"],"aioseo_notices":[],"jetpack_shortlink":"https:\/\/wp.me\/PaKYj5-2yI","jetpack_sharing_enabled":true,"_links":{"self":[{"href":"https:\/\/kotarbinski.com\/blogomarketingu\/wp-json\/wp\/v2\/pages\/9840","targetHints":{"allow":["GET"]}}],"collection":[{"href":"https:\/\/kotarbinski.com\/blogomarketingu\/wp-json\/wp\/v2\/pages"}],"about":[{"href":"https:\/\/kotarbinski.com\/blogomarketingu\/wp-json\/wp\/v2\/types\/page"}],"author":[{"embeddable":true,"href":"https:\/\/kotarbinski.com\/blogomarketingu\/wp-json\/wp\/v2\/users\/1"}],"replies":[{"embeddable":true,"href":"https:\/\/kotarbinski.com\/blogomarketingu\/wp-json\/wp\/v2\/comments?post=9840"}],"version-history":[{"count":53,"href":"https:\/\/kotarbinski.com\/blogomarketingu\/wp-json\/wp\/v2\/pages\/9840\/revisions"}],"predecessor-version":[{"id":9895,"href":"https:\/\/kotarbinski.com\/blogomarketingu\/wp-json\/wp\/v2\/pages\/9840\/revisions\/9895"}],"wp:attachment":[{"href":"https:\/\/kotarbinski.com\/blogomarketingu\/wp-json\/wp\/v2\/media?parent=9840"}],"curies":[{"name":"wp","href":"https:\/\/api.w.org\/{rel}","templated":true}]}}