{"id":11297,"date":"2025-10-10T11:44:16","date_gmt":"2025-10-10T11:44:16","guid":{"rendered":"http:\/\/projekt11.mirek-michas.pl\/?post_type=product&amp;p=11297"},"modified":"2025-10-10T11:44:16","modified_gmt":"2025-10-10T11:44:16","slug":"toporowo-jacek-kotarbinski","status":"publish","type":"product","link":"https:\/\/kotarbinski.com\/blogomarketingu\/produkt\/toporowo-jacek-kotarbinski\/","title":{"rendered":"TOPOROWO, Jacek Kotarbi\u0144ski"},"content":{"rendered":"<p>Toporowo \u2013 literatura instant, kt\u00f3ra\u00a0Ci\u0119 poruszy. Zaskakuj\u0105ce metafory pe\u0142ne emocji.<br \/>\nOpowiadania Jacka Kotarbi\u0144skiego \u201eToporowo\u201d wywo\u0142a\u0142a \u015bwietne reakcje znanych recenzent\u00f3w. Tomasz Raczek nazwa\u0142 zbi\u00f3r \u201eliteratur\u0105 w\u00a0wersji instant\u201d, a\u00a0Ma\u0142gorzata Kalici\u0144ska por\u00f3wna\u0142a r\u00f3\u017cnorodne historie do\u00a0smakowitych ciasteczek, kt\u00f3re idealnie nadaj\u0105 si\u0119 na\u00a0ka\u017cd\u0105 okazj\u0119. Micha\u0142 Rusinek por\u00f3wna\u0142 lektur\u0119 do\u00a0ogl\u0105dania serialu \u201eBlack Mirror\u201d, podkre\u015blaj\u0105c jej niepokoj\u0105cy charakter. Andrzej Saramonowicz doceni\u0142 grotesk\u0119, a\u00a0Piotr Moszy\u0144ski zauwa\u017cy\u0142, \u017ce\u00a0autor zr\u0119cznie komentuje polsk\u0105 rzeczywisto\u015b\u0107.<\/p>\n<!-- AddThis Advanced Settings generic via filter on the_content --><!-- AddThis Share Buttons generic via filter on the_content -->","protected":false},"excerpt":{"rendered":"<p>\u201cToporowo\u201d to\u00a0g\u0142\u0119boka analiza emocji i\u00a0pragnie\u0144, cz\u0119sto tych najciemniejszych. Autor nie\u00a0boi si\u0119 eksplorowa\u0107 tabu, wizji apokaliptycznych, czy\u00a0te\u017c groteskowych przekszta\u0142ce\u0144, przez\u00a0co\u00a0opowiadania pozostaj\u0105 nie\u00a0tylko\u00a0szokuj\u0105ce, ale\u00a0r\u00f3wnie\u017c wyj\u0105tkowo wnikaj\u0105 w\u00a0psychik\u0119 ludzk\u0105. Jego narracja, pe\u0142na zaskakuj\u0105cych obraz\u00f3w i\u00a0metafor, sprawia, \u017ce\u00a0teksty nie\u00a0s\u0105\u00a0tylko\u00a0literackim do\u015bwiadczeniem, ale\u00a0r\u00f3wnie\u017c powodem do\u00a0poszukiwania ukrytych metafor. Autor, kt\u00f3ry\u00a0w\u00a0swym \u017cyciu przemierzy\u0142 wiele kilometr\u00f3w kolejami i\u00a0samolotami, uwielbia unikatowe poczucie humoru, czarne jak kawa, kt\u00f3r\u0105 lubi.<!-- AddThis Advanced Settings generic via filter on get_the_excerpt --><!-- AddThis Share Buttons generic via filter on get_the_excerpt --><\/p>\n","protected":false},"featured_media":10451,"comment_status":"closed","ping_status":"closed","template":"","meta":{"om_disable_all_campaigns":false,"_exactmetrics_skip_tracking":false,"_exactmetrics_sitenote_active":false,"_exactmetrics_sitenote_note":"","_exactmetrics_sitenote_category":0,"_monsterinsights_skip_tracking":false,"_monsterinsights_sitenote_active":false,"_monsterinsights_sitenote_note":"","_monsterinsights_sitenote_category":0,"_uf_show_specific_survey":0,"_uf_disable_surveys":false,"site-sidebar-layout":"default","site-content-layout":"","ast-site-content-layout":"default","site-content-style":"default","site-sidebar-style":"default","ast-global-header-display":"","ast-banner-title-visibility":"","ast-main-header-display":"","ast-hfb-above-header-display":"","ast-hfb-below-header-display":"","ast-hfb-mobile-header-display":"","site-post-title":"","ast-breadcrumbs-content":"","ast-featured-img":"","footer-sml-layout":"","ast-disable-related-posts":"","theme-transparent-header-meta":"default","adv-header-id-meta":"","stick-header-meta":"","header-above-stick-meta":"","header-main-stick-meta":"","header-below-stick-meta":"","astra-migrate-meta-layouts":"set","ast-page-background-enabled":"default","ast-page-background-meta":{"desktop":{"background-color":"var(--ast-global-color-5)","background-image":"","background-repeat":"repeat","background-position":"center center","background-size":"auto","background-attachment":"scroll","background-type":"","background-media":"","overlay-type":"","overlay-color":"","overlay-opacity":"","overlay-gradient":""},"tablet":{"background-color":"","background-image":"","background-repeat":"repeat","background-position":"center center","background-size":"auto","background-attachment":"scroll","background-type":"","background-media":"","overlay-type":"","overlay-color":"","overlay-opacity":"","overlay-gradient":""},"mobile":{"background-color":"","background-image":"","background-repeat":"repeat","background-position":"center center","background-size":"auto","background-attachment":"scroll","background-type":"","background-media":"","overlay-type":"","overlay-color":"","overlay-opacity":"","overlay-gradient":""}},"ast-content-background-meta":{"desktop":{"background-color":"var(--ast-global-color-4)","background-image":"","background-repeat":"repeat","background-position":"center center","background-size":"auto","background-attachment":"scroll","background-type":"","background-media":"","overlay-type":"","overlay-color":"","overlay-opacity":"","overlay-gradient":""},"tablet":{"background-color":"var(--ast-global-color-4)","background-image":"","background-repeat":"repeat","background-position":"center center","background-size":"auto","background-attachment":"scroll","background-type":"","background-media":"","overlay-type":"","overlay-color":"","overlay-opacity":"","overlay-gradient":""},"mobile":{"background-color":"var(--ast-global-color-4)","background-image":"","background-repeat":"repeat","background-position":"center center","background-size":"auto","background-attachment":"scroll","background-type":"","background-media":"","overlay-type":"","overlay-color":"","overlay-opacity":"","overlay-gradient":""}},"jetpack_post_was_ever_published":false,"jetpack_publicize_message":"","jetpack_publicize_feature_enabled":true,"jetpack_social_post_already_shared":false,"jetpack_social_options":{"image_generator_settings":{"template":"highway","default_image_id":0,"font":"","enabled":false},"version":2}},"product_brand":[],"product_cat":[2330],"product_tag":[],"class_list":{"0":"post-11297","1":"product","2":"type-product","3":"status-publish","4":"has-post-thumbnail","6":"product_cat-ksiazki","7":"desktop-align-left","8":"tablet-align-left","9":"mobile-align-left","11":"first","12":"instock","13":"taxable","14":"shipping-taxable","15":"product-type-simple"},"aioseo_notices":[],"jetpack_publicize_connections":[],"jetpack_sharing_enabled":true,"_links":{"self":[{"href":"https:\/\/kotarbinski.com\/blogomarketingu\/wp-json\/wp\/v2\/product\/11297","targetHints":{"allow":["GET"]}}],"collection":[{"href":"https:\/\/kotarbinski.com\/blogomarketingu\/wp-json\/wp\/v2\/product"}],"about":[{"href":"https:\/\/kotarbinski.com\/blogomarketingu\/wp-json\/wp\/v2\/types\/product"}],"replies":[{"embeddable":true,"href":"https:\/\/kotarbinski.com\/blogomarketingu\/wp-json\/wp\/v2\/comments?post=11297"}],"wp:featuredmedia":[{"embeddable":true,"href":"https:\/\/kotarbinski.com\/blogomarketingu\/wp-json\/wp\/v2\/media\/10451"}],"wp:attachment":[{"href":"https:\/\/kotarbinski.com\/blogomarketingu\/wp-json\/wp\/v2\/media?parent=11297"}],"wp:term":[{"taxonomy":"product_brand","embeddable":true,"href":"https:\/\/kotarbinski.com\/blogomarketingu\/wp-json\/wp\/v2\/product_brand?post=11297"},{"taxonomy":"product_cat","embeddable":true,"href":"https:\/\/kotarbinski.com\/blogomarketingu\/wp-json\/wp\/v2\/product_cat?post=11297"},{"taxonomy":"product_tag","embeddable":true,"href":"https:\/\/kotarbinski.com\/blogomarketingu\/wp-json\/wp\/v2\/product_tag?post=11297"}],"curies":[{"name":"wp","href":"https:\/\/api.w.org\/{rel}","templated":true}]}}